{"id":17241,"date":"2014-04-30T15:47:48","date_gmt":"2014-04-30T15:47:48","guid":{"rendered":"https:\/\/www.cunadelangel.com\/?page_id=17241"},"modified":"2023-10-14T16:48:09","modified_gmt":"2023-10-14T16:48:09","slug":"home","status":"publish","type":"page","link":"https:\/\/www.cunadelangel.com\/es\/","title":{"rendered":"Inicio"},"content":{"rendered":"<p>[vc_row css_animation=\u00bb\u00bb row_type=\u00bbrow\u00bb use_row_as_full_screen_section=\u00bbno\u00bb type=\u00bbgrid\u00bb angled_section=\u00bbno\u00bb text_align=\u00bbleft\u00bb background_image_as_pattern=\u00bbwithout_pattern\u00bb anchor=\u00bbportfolio\u00bb background_color=\u00bb#ffffff\u00bb padding_top=\u00bb98&#8243; padding_bottom=\u00bb10&#8243;][vc_column][vc_column_text]<\/p>\n<h2 style=\"text-align: center;\">Disfrute la naturaleza de Costa Rica<\/h2>\n<p>[\/vc_column_text][vc_empty_space][vc_single_image image=\u00bb18185&#8243; img_size=\u00bb200&#215;170&#8243; alignment=\u00bbcenter\u00bb qode_css_animation=\u00bb\u00bb][vc_empty_space][vc_column_text css=\u00bb.vc_custom_1697302079277{padding-top: 20px !important;padding-right: 20px !important;padding-bottom: 20px !important;padding-left: 20px !important;background-color: #efefef !important;}\u00bb]<\/p>\n<p style=\"color: #184aa0; text-align: center;\"><b>Reserve por nuestro website y reciba m\u00e1s beneficios<\/b><\/p>\n<p>&nbsp;<\/p>\n<p style=\"text-align: center;\">Disfrute un desayuno buffet, bebida de bienvenida, wifi gratuito en las habitaciones y \u00e1reas p\u00fablicas, parqueo, 10% de descuento en el consumo de almuerzo en nuestro restaurante \u00abLa Palapa\u00bb, as\u00ed como caf\u00e9 aut\u00e9ntico costarricense en la habitaci\u00f3n. Los ni\u00f1os menores de 6 a\u00f1os no tienen costo compartiendo habitaci\u00f3n con sus padres.<\/p>\n<p>&nbsp;<\/p>\n<p style=\"text-align: center;\"><a  itemprop=\"url\" href=\"https:\/\/reservations.orbebooking.com\/Search\/Init\/3gtBa\/es\" target=\"_blank\"  class=\"qbutton  medium center default\" style=\"border-radius: 10px;-moz-border-radius: 10px;-webkit-border-radius: 10px; \">RESERVE AHORA<i class=\"qode_icon_font_awesome fa fa-bell qode_button_icon_element\" style=\"\" ><\/i><\/a><\/p>\n<p>[\/vc_column_text][vc_empty_space][vc_row_inner row_type=\u00bbrow\u00bb type=\u00bbfull_width\u00bb text_align=\u00bbleft\u00bb css_animation=\u00bb\u00bb css=\u00bb.vc_custom_1432324227620{margin-top: 0px !important;margin-right: 0px !important;margin-bottom: 0px !important;margin-left: 0px !important;padding-top: 0px !important;padding-right: 0px !important;padding-bottom: 0px !important;padding-left: 0px !important;}\u00bb][vc_column_inner width=\u00bb2\/3&#8243; css=\u00bb.vc_custom_1432324244179{margin-top: 0px !important;margin-right: 0px !important;margin-bottom: 0px !important;margin-left: 0px !important;padding-top: 0px !important;padding-right: 0px !important;padding-bottom: 0px !important;padding-left: 0px !important;}\u00bb]<div class=\"q_image_with_text_over\"><div class=\"shader\" ><\/div><img decoding=\"async\" itemprop=\"image\" src=\"https:\/\/www.cunadelangel.com\/wp-content\/uploads\/2015\/06\/restaurant-bg.jpg\" alt=\"RESTAURANTE\" \/><div class=\"text\"><table><tr><td><h2 class=\"caption no_icon\" style=\"color: #ffffff;font-size: 34px;\">RESTAURANTE<\/h2><\/td><\/tr><\/table><table><tr><td><div class=\"desc\"><\/p>\n<p style=\"text-align: center;\"><a  itemprop=\"url\" href=\"https:\/\/www.cunadelangel.com\/es\/restaurante\/\" target=\"_self\"  class=\"qbutton  medium center white default\" style=\"margin: 60px; \">ENTRAR<\/a><\/p>\n<p><\/div><\/td><\/tr><\/table><\/div><\/div>[\/vc_column_inner][vc_column_inner width=\u00bb1\/3&#8243; css=\u00bb.vc_custom_1432329920334{margin-top: 0px !important;margin-right: 0px !important;margin-bottom: 0px !important;margin-left: 0px !important;padding-top: 0px !important;padding-right: 7px !important;padding-bottom: 0px !important;padding-left: 7px !important;}\u00bb]<div class=\"q_image_with_text_over\"><div class=\"shader\" ><\/div><img decoding=\"async\" itemprop=\"image\" src=\"https:\/\/www.cunadelangel.com\/wp-content\/uploads\/2015\/06\/tours.jpg\" alt=\"TOURS Y ACTIVIDADES\" \/><div class=\"text\"><table><tr><td><h2 class=\"caption no_icon\" style=\"color: #ffffff;font-size: 34px;\">TOURS Y ACTIVIDADES<\/h2><\/td><\/tr><\/table><table><tr><td><div class=\"desc\"><\/p>\n<p style=\"text-align: center;\"><a  itemprop=\"url\" href=\"https:\/\/www.cunadelangel.com\/es\/actividades\/\" target=\"_self\"  class=\"qbutton  medium center white default\" style=\"margin: 60px; \">ENTRAR<\/a><\/p>\n<p><\/div><\/td><\/tr><\/table><\/div><\/div>[\/vc_column_inner][\/vc_row_inner][vc_row_inner row_type=\u00bbrow\u00bb type=\u00bbfull_width\u00bb text_align=\u00bbleft\u00bb css_animation=\u00bb\u00bb css=\u00bb.vc_custom_1432324995208{margin-top: 0px !important;margin-right: 0px !important;margin-bottom: 0px !important;margin-left: 0px !important;padding-top: 0px !important;padding-right: 0px !important;padding-bottom: 0px !important;padding-left: 0px !important;}\u00bb][vc_column_inner width=\u00bb1\/3&#8243; css=\u00bb.vc_custom_1432329693033{margin-top: 0px !important;margin-right: 0px !important;margin-bottom: 0px !important;margin-left: 0px !important;padding-top: 0px !important;padding-right: 7px !important;padding-bottom: 0px !important;padding-left: 0px !important;}\u00bb]<div class=\"q_image_with_text_over\"><div class=\"shader\" ><\/div><img decoding=\"async\" itemprop=\"image\" src=\"https:\/\/www.cunadelangel.com\/wp-content\/uploads\/2014\/04\/contact-us.jpg\" alt=\"SPA\" \/><div class=\"text\"><table><tr><td><h2 class=\"caption no_icon\" style=\"color: #ffffff;font-size: 34px;\">SPA<\/h2><\/td><\/tr><\/table><table><tr><td><div class=\"desc\"><\/p>\n<p style=\"text-align: center;\"><a  itemprop=\"url\" href=\"https:\/\/www.cunadelangel.com\/es\/spa-2\/\" target=\"_self\"  class=\"qbutton  medium center white default\" style=\"margin: 60px; \">ENTRAR<\/a><\/p>\n<p><\/div><\/td><\/tr><\/table><\/div><\/div>[\/vc_column_inner][vc_column_inner width=\u00bb1\/3&#8243; css=\u00bb.vc_custom_1432329720072{margin-top: 0px !important;margin-right: 0px !important;margin-bottom: 0px !important;margin-left: 0px !important;padding-top: 0px !important;padding-right: 7px !important;padding-bottom: 0px !important;padding-left: 0px !important;}\u00bb]<div class=\"q_image_with_text_over\"><div class=\"shader\" ><\/div><img decoding=\"async\" itemprop=\"image\" src=\"https:\/\/www.cunadelangel.com\/wp-content\/uploads\/2015\/06\/gallery.jpg\" alt=\"GALER\u00cdA\" \/><div class=\"text\"><table><tr><td><h2 class=\"caption no_icon\" style=\"color: #ffffff;font-size: 34px;\">GALER\u00cdA<\/h2><\/td><\/tr><\/table><table><tr><td><div class=\"desc\"><\/p>\n<p style=\"text-align: center;\"><a  itemprop=\"url\" href=\"https:\/\/www.cunadelangel.com\/es\/galeria\/\" target=\"_self\"  class=\"qbutton  medium center white default\" style=\"margin: 60px; \">ENTRAR<\/a><\/p>\n<p><\/div><\/td><\/tr><\/table><\/div><\/div>[\/vc_column_inner][vc_column_inner width=\u00bb1\/3&#8243; css=\u00bb.vc_custom_1432329775086{margin-top: 0px !important;margin-right: 0px !important;margin-bottom: 0px !important;margin-left: 0px !important;padding-top: 0px !important;padding-right: 7px !important;padding-bottom: 0px !important;padding-left: 0px !important;}\u00bb]<div class=\"q_image_with_text_over\"><div class=\"shader\" ><\/div><img decoding=\"async\" itemprop=\"image\" src=\"https:\/\/www.cunadelangel.com\/wp-content\/uploads\/2015\/07\/book-now.jpg\" alt=\"RESERVAR\" \/><div class=\"text\"><table><tr><td><h2 class=\"caption no_icon\" style=\"color: #ffffff;font-size: 34px;\">RESERVAR<\/h2><\/td><\/tr><\/table><table><tr><td><div class=\"desc\"><\/p>\n<p style=\"text-align: center;\"><a  itemprop=\"url\" href=\"https:\/\/reservations.orbebooking.com\/Search\/Init\/3gtBa\/es\" target=\"_blank\"  class=\"qbutton  medium center white default\" style=\"margin: 60px; \">RESERVAR<\/a><\/p>\n<p><\/div><\/td><\/tr><\/table><\/div><\/div>[\/vc_column_inner][\/vc_row_inner][vc_empty_space height=\u00bb20px\u00bb][vc_row_inner row_type=\u00bbrow\u00bb type=\u00bbfull_width\u00bb text_align=\u00bbleft\u00bb css_animation=\u00bb\u00bb][vc_column_inner][vc_column_text]<\/p>\n<h3 style=\"text-align: center;\"><a style=\"text-decoration: none;\" href=\"http:\/\/www.tripadvisor.com\/Hotel_Review-g313829-d797038-Reviews-Hotel_Cuna_del_Angel-Dominical_Province_of_Puntarenas.html\" target=\"_blank\" rel=\"noopener noreferrer\">S\u00edguenos a trav\u00e9s de Trip Advisor<\/a><\/h3>\n<p>[\/vc_column_text][vc_single_image image=\u00bb16426&#8243; img_size=\u00bbmedium\u00bb alignment=\u00bbcenter\u00bb onclick=\u00bbcustom_link\u00bb img_link_target=\u00bb_blank\u00bb qode_css_animation=\u00bbelement_from_fade\u00bb link=\u00bbhttp:\/\/www.tripadvisor.com\/Hotel_Review-g313829-d797038-Reviews-Hotel_Cuna_del_Angel-Dominical_Province_of_Puntarenas.html\u00bb][\/vc_column_inner][\/vc_row_inner][vc_single_image image=\u00bb18530&#8243; img_size=\u00bbfull\u00bb alignment=\u00bbcenter\u00bb qode_css_animation=\u00bbelement_from_bottom\u00bb][vc_empty_space height=\u00bb80px\u00bb][\/vc_column][\/vc_row][vc_row css_animation=\u00bb\u00bb row_type=\u00bbrow\u00bb use_row_as_full_screen_section=\u00bbno\u00bb type=\u00bbgrid\u00bb angled_section=\u00bbno\u00bb text_align=\u00bbcenter\u00bb background_image_as_pattern=\u00bbwithout_pattern\u00bb background_color=\u00bb#012eb5&#8243; padding_top=\u00bb126&#8243; padding_bottom=\u00bb120&#8243; bg_type=\u00bbimage\u00bb bg_grad=\u00bbbackground: -webkit-gradient(linear, left top, left bottom, color-stop(0%, #E3E3E3));background: -moz-linear-gradient(top,#E3E3E3 0%);background: -webkit-linear-gradient(top,#E3E3E3 0%);background: -o-linear-gradient(top,#E3E3E3 0%);background: -ms-linear-gradient(top,#E3E3E3 0%);background: linear-gradient(top,#E3E3E3 0%);\u00bb parallax_style=\u00bbvcpb-vz-jquery\u00bb bg_image_repeat=\u00bbno-repeat\u00bb bg_image_size=\u00bbcover\u00bb bg_img_attach=\u00bbfixed\u00bb parallax_sense=\u00bb30&#8243; animation_direction=\u00bbleft-animation\u00bb animation_repeat=\u00bbrepeat\u00bb video_opts=\u00bb\u00bb viewport_vdo=\u00bboff\u00bb enable_controls=\u00bboff\u00bb bg_override=\u00bbex-full\u00bb disable_on_mobile_img_parallax=\u00bboff\u00bb parallax_content_sense=\u00bb30&#8243; fadeout_start_effect=\u00bb30&#8243; overlay_pattern_opacity=\u00bb80&#8243; overlay_pattern_attachment=\u00bbfixed\u00bb multi_color_overlay=\u00bb\u00bb multi_color_overlay_opacity=\u00bb60&#8243; seperator_type=\u00bbnone_seperator\u00bb seperator_position=\u00bbtop_seperator\u00bb seperator_shape_size=\u00bb40&#8243; seperator_svg_height=\u00bb60&#8243; seperator_shape_background=\u00bb#ffffff\u00bb seperator_shape_border=\u00bbnone\u00bb seperator_shape_border_width=\u00bb1&#8243; icon_type=\u00bbno_icon\u00bb icon_size=\u00bb32&#8243; icon_style=\u00bbnone\u00bb icon_color_border=\u00bb#333333&#8243; icon_border_size=\u00bb1&#8243; icon_border_radius=\u00bb500&#8243; icon_border_spacing=\u00bb50&#8243; img_width=\u00bb48&#8243; ult_hide_row_large_screen=\u00bboff\u00bb ult_hide_row_desktop=\u00bboff\u00bb ult_hide_row_tablet=\u00bboff\u00bb ult_hide_row_tablet_small=\u00bboff\u00bb ult_hide_row_mobile=\u00bboff\u00bb ult_hide_row_mobile_large=\u00bboff\u00bb css=\u00bb.vc_custom_1432608351785{padding-top: 80px !important;padding-bottom: 80px !important;}\u00bb bg_image_new=\u00bb16412&#8243;][vc_column][vc_column_text]<\/p>\n<h2 style=\"text-align: center;\"><a href=\"https:\/\/www.cunadelangel.com\/es\/deals\/\"><span style=\"color: #eee;\">OFERTAS<\/span><\/a><\/h2>\n<p>[\/vc_column_text][vc_separator type=\u00bbtransparent\u00bb up=\u00bb20&#8243; down=\u00bb0&#8243;][vc_row_inner row_type=\u00bbrow\u00bb type=\u00bbfull_width\u00bb text_align=\u00bbleft\u00bb css_animation=\u00bb\u00bb][vc_column_inner width=\u00bb1\/2&#8243;][\/vc_column_inner][vc_column_inner width=\u00bb1\/2&#8243;][\/vc_column_inner][\/vc_row_inner][vc_separator type=\u00bbtransparent\u00bb up=\u00bb10&#8243; down=\u00bb0&#8243;][\/vc_column][\/vc_row][vc_row css_animation=\u00bb\u00bb row_type=\u00bbrow\u00bb use_row_as_full_screen_section=\u00bbno\u00bb type=\u00bbgrid\u00bb angled_section=\u00bbno\u00bb text_align=\u00bbleft\u00bb background_image_as_pattern=\u00bbwithout_pattern\u00bb background_color=\u00bb#f7f7f7&#8243; padding_top=\u00bb88&#8243; padding_bottom=\u00bb70&#8243; bg_type=\u00bbimage\u00bb bg_grad=\u00bbbackground: -webkit-gradient(linear, left top, left bottom, color-stop(0%, #E3E3E3));background: -moz-linear-gradient(top,#E3E3E3 0%);background: -webkit-linear-gradient(top,#E3E3E3 0%);background: -o-linear-gradient(top,#E3E3E3 0%);background: -ms-linear-gradient(top,#E3E3E3 0%);background: linear-gradient(top,#E3E3E3 0%);\u00bb parallax_style=\u00bbvcpb-vz-jquery\u00bb bg_image_new=\u00bb16394&#8243; bg_image_repeat=\u00bbno-repeat\u00bb bg_image_size=\u00bbcover\u00bb bg_img_attach=\u00bbfixed\u00bb parallax_sense=\u00bb30&#8243; animation_direction=\u00bbleft-animation\u00bb animation_repeat=\u00bbrepeat\u00bb video_opts=\u00bb\u00bb viewport_vdo=\u00bboff\u00bb enable_controls=\u00bboff\u00bb bg_override=\u00bbex-full\u00bb disable_on_mobile_img_parallax=\u00bboff\u00bb parallax_content_sense=\u00bb30&#8243; fadeout_start_effect=\u00bb30&#8243; overlay_pattern_opacity=\u00bb80&#8243; overlay_pattern_attachment=\u00bbfixed\u00bb multi_color_overlay=\u00bb\u00bb multi_color_overlay_opacity=\u00bb60&#8243; seperator_type=\u00bbnone_seperator\u00bb seperator_position=\u00bbtop_seperator\u00bb seperator_shape_size=\u00bb40&#8243; seperator_svg_height=\u00bb60&#8243; seperator_shape_background=\u00bb#ffffff\u00bb seperator_shape_border=\u00bbnone\u00bb seperator_shape_border_width=\u00bb1&#8243; icon_type=\u00bbno_icon\u00bb icon_size=\u00bb32&#8243; icon_style=\u00bbnone\u00bb icon_color_border=\u00bb#333333&#8243; icon_border_size=\u00bb1&#8243; icon_border_radius=\u00bb500&#8243; icon_border_spacing=\u00bb50&#8243; img_width=\u00bb48&#8243; ult_hide_row_large_screen=\u00bboff\u00bb ult_hide_row_desktop=\u00bboff\u00bb ult_hide_row_tablet=\u00bboff\u00bb ult_hide_row_tablet_small=\u00bboff\u00bb ult_hide_row_mobile=\u00bboff\u00bb ult_hide_row_mobile_large=\u00bboff\u00bb css=\u00bb.vc_custom_1432606044943{margin-bottom: 0px !important;}\u00bb][vc_column][vc_column_text]<\/p>\n<h3 style=\"text-align: center;\"><span style=\"color: #eee;\">TESTIMONIOS<\/span><\/h3>\n<p>[\/vc_column_text][vc_separator type=\u00bbtransparent\u00bb up=\u00bb20&#8243; down=\u00bb0&#8243;]<div class='testimonials_holder clearfix dark'><div class=\"testimonials testimonials_carousel\" data-show-navigation=\"yes\" data-animation-type=\"fade\" data-animation-speed=\"\" data-auto-rotate-slides=\"10\" data-number-per-slide=\"1\"><ul class=\"slides\"><li id=\"testimonials17342\" class=\"testimonial_content\"><div class=\"testimonial_content_inner\"><div class=\"testimonial_text_holder\"><div class=\"testimonial_text_inner\" style=\"color: #184aa0;\"><p style='font-size:17px;color:#184aa0;'>Todo lo que se necesita. En la zona no hay muchas opciones y esta es la mejor. Muy tranquilo, callado, piscina incre\u00edble. La pasamos de maravilla. Un destino para descansar. Rodeado de naturaleza. Lo \u00fanico malo era la ducha que el agua iba y ven\u00eda. Pero de resto muy bien el hotel. Y el restaurante no nos gust\u00f3 y no por ser gluten free ya que igual evit\u00f3 el gluten en mi d\u00eda a d\u00eda pero fatal! No se si tuvimos mala suerte o siempre es as\u00ed.<\/p><p class=\"testimonial_author\" style=\"color: #184aa0;font-weight: 300;color: #184aa0;font-size: 12px;\">Hamsa I<\/p><\/div><\/div><\/div><\/li><li id=\"testimonials17343\" class=\"testimonial_content\"><div class=\"testimonial_content_inner\"><div class=\"testimonial_text_holder\"><div class=\"testimonial_text_inner\" style=\"color: #184aa0;\"><p style='font-size:17px;color:#184aa0;'>Hotel muy acogedor y tranquilo, bellas habitaciones y excelente ubicaci\u00f3n cerca de las mejores playas de la zona simpre que cuentes con vehiculo. A 20 minutos de playa ventanas y 15 minutos de playa uvita. Desayuno buffet excelente, el restaurante prepara una comida deliciosa tomar en cuenta que es gourmet fina por lo que el precio es el promedio para rste tipo dr restaurantes.\r\nPasamis un excelente fin de semana en el hotel ideal para descanzar y si buscan un lugar tranquilo este es su mejor opci\u00f3n.<\/p><p class=\"testimonial_author\" style=\"color: #184aa0;font-weight: 300;color: #184aa0;font-size: 12px;\">WanderWoman735<\/p><\/div><\/div><\/div><\/li><\/ul><\/div><\/div>[\/vc_column][\/vc_row][vc_row css_animation=\u00bb\u00bb row_type=\u00bbrow\u00bb use_row_as_full_screen_section=\u00bbno\u00bb type=\u00bbfull_width\u00bb angled_section=\u00bbno\u00bb text_align=\u00bbleft\u00bb background_image_as_pattern=\u00bbwithout_pattern\u00bb][vc_column][vc_raw_html]JTVCc2dfcG9wdXAlMjBpZCUzRDE4NDkxJTVE[\/vc_raw_html][\/vc_column][\/vc_row]<\/p>\n","protected":false},"excerpt":{"rendered":"<p>[vc_row css_animation=\u00bb\u00bb row_type=\u00bbrow\u00bb use_row_as_full_screen_section=\u00bbno\u00bb type=\u00bbgrid\u00bb angled_section=\u00bbno\u00bb text_align=\u00bbleft\u00bb background_image_as_pattern=\u00bbwithout_pattern\u00bb anchor=\u00bbportfolio\u00bb background_color=\u00bb#ffffff\u00bb padding_top=\u00bb98&#8243; padding_bottom=\u00bb10&#8243;][vc_column][vc_column_text] Disfrute la naturaleza de Costa Rica [\/vc_column_text][vc_empty_space][vc_single_image image=\u00bb18185&#8243; img_size=\u00bb200&#215;170&#8243; alignment=\u00bbcenter\u00bb qode_css_animation=\u00bb\u00bb][vc_empty_space][vc_column_text css=\u00bb.vc_custom_1697302079277{padding-top: 20px !important;padding-right: 20px !important;padding-bottom: 20px !important;padding-left: 20px !important;background-color: #efefef !important;}\u00bb] Reserve por nuestro website y reciba m\u00e1s beneficios &nbsp; Disfrute un&#8230;<\/p>\n","protected":false},"author":4,"featured_media":0,"parent":0,"menu_order":0,"comment_status":"open","ping_status":"open","template":"full_width.php","meta":{"_joinchat":[],"footnotes":""},"class_list":["post-17241","page","type-page","status-publish","hentry"],"_links":{"self":[{"href":"https:\/\/www.cunadelangel.com\/es\/wp-json\/wp\/v2\/pages\/17241","targetHints":{"allow":["GET"]}}],"collection":[{"href":"https:\/\/www.cunadelangel.com\/es\/wp-json\/wp\/v2\/pages"}],"about":[{"href":"https:\/\/www.cunadelangel.com\/es\/wp-json\/wp\/v2\/types\/page"}],"author":[{"embeddable":true,"href":"https:\/\/www.cunadelangel.com\/es\/wp-json\/wp\/v2\/users\/4"}],"replies":[{"embeddable":true,"href":"https:\/\/www.cunadelangel.com\/es\/wp-json\/wp\/v2\/comments?post=17241"}],"version-history":[{"count":100,"href":"https:\/\/www.cunadelangel.com\/es\/wp-json\/wp\/v2\/pages\/17241\/revisions"}],"predecessor-version":[{"id":20716,"href":"https:\/\/www.cunadelangel.com\/es\/wp-json\/wp\/v2\/pages\/17241\/revisions\/20716"}],"wp:attachment":[{"href":"https:\/\/www.cunadelangel.com\/es\/wp-json\/wp\/v2\/media?parent=17241"}],"curies":[{"name":"wp","href":"https:\/\/api.w.org\/{rel}","templated":true}]}}