{"id":17246,"date":"2014-07-09T12:16:55","date_gmt":"2014-07-09T12:16:55","guid":{"rendered":"https:\/\/www.cunadelangel.com\/about-us-2\/"},"modified":"2023-02-27T22:20:57","modified_gmt":"2023-02-27T22:20:57","slug":"about-us","status":"publish","type":"page","link":"https:\/\/www.cunadelangel.com\/es\/about-us\/","title":{"rendered":"Nosotros"},"content":{"rendered":"<p>[vc_row type=\u00bbgrid\u00bb anchor=\u00bbportfolio\u00bb background_color=\u00bb#ffffff\u00bb padding_top=\u00bb100&#8243; padding_bottom=\u00bb30&#8243;][vc_column][vc_row_inner][vc_column_inner][vc_column_text]<\/p>\n<h4>Cuna del \u00c1ngel es un exclusivo y acogedor hotel boutique, en medio del exuberante bosque tropical del Pac\u00edfico Sur de Costa Rica, un vest\u00edbulo de una de las \u00e1reas con mayor biodiversidad sobre la Tierra. Las asombrosas vistas a lo largo de la costa, son la carpeta roja que gu\u00eda la llegada a esta \u00edntima y c\u00e1lida edificaci\u00f3n de estilo colonial y nativa, la cual celebra el encuentro de culturas, donde lo mejor de dos mundos se unen. Manteniendo el glamour y elegancia de un mundo moderno, y a la vez, evocando los esp\u00edritus del mundo cultural ind\u00edgena que habitaron este peque\u00f1o y rico pa\u00eds.<\/h4>\n<h4>El Hotel Cuna del \u00c1ngel destaca por su excelencia en servicio, gastronom\u00eda y logros en temas de sostenibilidad. Sus instalaciones son c\u00f3modas e \u00edntimas donde se respira un ambiente de tranquilidad y romanticismo rodeado de exuberante naturaleza, la locaci\u00f3n perfecta para lunas de miel y vacaciones aventureras.<\/h4>\n<h4>El hotel se ubica en Bah\u00eda Ballena, una zona donde el verde intenso se admira durante todo el a\u00f1o. El nombre Bah\u00eda Ballena se da en honor al arribo de ballenas jorobadas cada a\u00f1o, estos impresionantes mam\u00edferos se pueden avistar f\u00e1cilmente durante los meses de agosto a noviembre, justo cuando las ballenas dan a luz sus ballenatos. Otros atractivos que no puede dejar de visitar son el Parque Nacional Manuel Antonio, el Parque Marino Ballena y la joya del Parque Nacional Corcovado, sin olvidar otras actividades como cabalgar hacia una catarata secreta, clases de surf, snorkeling, canopy tour o rel\u00e1jese tomando el sobre la arena.<\/h4>\n<p>[\/vc_column_text][vc_separator type=\u00bbtransparent\u00bb up=\u00bb21&#8243; down=\u00bb0&#8243;][\/vc_column_inner][\/vc_row_inner][\/vc_column][\/vc_row][vc_row type=\u00bbgrid\u00bb anchor=\u00bbportfolio\u00bb background_color=\u00bb#f7f7f7&#8243; padding_top=\u00bb94&#8243; padding_bottom=\u00bb40&#8243;][vc_column][vc_column_text]<\/p>\n<h3 style=\"text-align: center;\">Servicios en el Hotel<\/h3>\n<p>[\/vc_column_text][vc_separator type=\u00bbtransparent\u00bb up=\u00bb18&#8243; down=\u00bb25&#8243;][vc_row_inner][vc_column_inner width=\u00bb1\/3&#8243;][vc_column_text]<\/p>\n<div class=\"adesc_wrap\">\n<p style=\"text-align: center;\">Restaurante Gourmet 100% Libre de Gluten<\/p>\n<p style=\"text-align: center;\">Piscina<\/p>\n<\/div>\n<p>[\/vc_column_text][\/vc_column_inner][vc_column_inner width=\u00bb1\/3&#8243;][vc_column_text]<\/p>\n<p style=\"text-align: center;\">Cuna del \u00c1ngel Spa<\/p>\n<p style=\"text-align: center;\">WiFi<\/p>\n<p style=\"text-align: center;\">Parqueo<\/p>\n<p>[\/vc_column_text][\/vc_column_inner][vc_column_inner width=\u00bb1\/3&#8243;][vc_column_text]<\/p>\n<p style=\"text-align: center;\">Concierge<\/p>\n<p>[\/vc_column_text][\/vc_column_inner][\/vc_row_inner][vc_separator type=\u00bbtransparent\u00bb up=\u00bb18&#8243; down=\u00bb25&#8243;][\/vc_column][\/vc_row]<\/p>\n","protected":false},"excerpt":{"rendered":"<p>[vc_row type=\u00bbgrid\u00bb anchor=\u00bbportfolio\u00bb background_color=\u00bb#ffffff\u00bb padding_top=\u00bb100&#8243; padding_bottom=\u00bb30&#8243;][vc_column][vc_row_inner][vc_column_inner][vc_column_text] Cuna del \u00c1ngel es un exclusivo y acogedor hotel boutique, en medio del exuberante bosque tropical del Pac\u00edfico Sur de Costa Rica, un vest\u00edbulo de una de las \u00e1reas con mayor biodiversidad sobre la Tierra. Las asombrosas vistas a&#8230;<\/p>\n","protected":false},"author":4,"featured_media":0,"parent":0,"menu_order":0,"comment_status":"open","ping_status":"open","template":"full_width.php","meta":{"_joinchat":[],"footnotes":""},"class_list":["post-17246","page","type-page","status-publish","hentry"],"_links":{"self":[{"href":"https:\/\/www.cunadelangel.com\/es\/wp-json\/wp\/v2\/pages\/17246","targetHints":{"allow":["GET"]}}],"collection":[{"href":"https:\/\/www.cunadelangel.com\/es\/wp-json\/wp\/v2\/pages"}],"about":[{"href":"https:\/\/www.cunadelangel.com\/es\/wp-json\/wp\/v2\/types\/page"}],"author":[{"embeddable":true,"href":"https:\/\/www.cunadelangel.com\/es\/wp-json\/wp\/v2\/users\/4"}],"replies":[{"embeddable":true,"href":"https:\/\/www.cunadelangel.com\/es\/wp-json\/wp\/v2\/comments?post=17246"}],"version-history":[{"count":16,"href":"https:\/\/www.cunadelangel.com\/es\/wp-json\/wp\/v2\/pages\/17246\/revisions"}],"predecessor-version":[{"id":18261,"href":"https:\/\/www.cunadelangel.com\/es\/wp-json\/wp\/v2\/pages\/17246\/revisions\/18261"}],"wp:attachment":[{"href":"https:\/\/www.cunadelangel.com\/es\/wp-json\/wp\/v2\/media?parent=17246"}],"curies":[{"name":"wp","href":"https:\/\/api.w.org\/{rel}","templated":true}]}}