{"id":17252,"date":"2015-06-06T05:54:05","date_gmt":"2015-06-06T05:54:05","guid":{"rendered":"https:\/\/www.cunadelangel.com\/?page_id=17252"},"modified":"2023-09-01T00:24:03","modified_gmt":"2023-09-01T00:24:03","slug":"habitaciones","status":"publish","type":"page","link":"https:\/\/www.cunadelangel.com\/es\/habitaciones\/","title":{"rendered":"Habitaciones"},"content":{"rendered":"<p>[vc_row css_animation=\u00bb\u00bb row_type=\u00bbrow\u00bb use_row_as_full_screen_section=\u00bbno\u00bb type=\u00bbgrid\u00bb angled_section=\u00bbno\u00bb text_align=\u00bbleft\u00bb background_image_as_pattern=\u00bbwithout_pattern\u00bb padding_top=\u00bb80&#8243; padding_bottom=\u00bb80&#8243; bg_type=\u00bbno_bg\u00bb bg_grad=\u00bbbackground: -webkit-gradient(linear, left top, left bottom, color-stop(0%, #E3E3E3));background: -moz-linear-gradient(top,#E3E3E3 0%);background: -webkit-linear-gradient(top,#E3E3E3 0%);background: -o-linear-gradient(top,#E3E3E3 0%);background: -ms-linear-gradient(top,#E3E3E3 0%);background: linear-gradient(top,#E3E3E3 0%);\u00bb parallax_style=\u00bbvcpb-default\u00bb bg_image_repeat=\u00bbrepeat\u00bb bg_image_size=\u00bbcover\u00bb bg_img_attach=\u00bbscroll\u00bb parallax_sense=\u00bb30&#8243; animation_direction=\u00bbleft-animation\u00bb animation_repeat=\u00bbrepeat\u00bb video_opts=\u00bb\u00bb viewport_vdo=\u00bboff\u00bb enable_controls=\u00bboff\u00bb bg_override=\u00bb0&#8243; disable_on_mobile_img_parallax=\u00bboff\u00bb parallax_content_sense=\u00bb30&#8243; fadeout_start_effect=\u00bb30&#8243; overlay_pattern_opacity=\u00bb80&#8243; overlay_pattern_attachment=\u00bbfixed\u00bb multi_color_overlay=\u00bb\u00bb multi_color_overlay_opacity=\u00bb60&#8243; seperator_type=\u00bbnone_seperator\u00bb seperator_position=\u00bbtop_seperator\u00bb seperator_shape_size=\u00bb40&#8243; seperator_svg_height=\u00bb60&#8243; seperator_shape_background=\u00bb#ffffff\u00bb seperator_shape_border=\u00bbnone\u00bb seperator_shape_border_width=\u00bb1&#8243; icon_type=\u00bbno_icon\u00bb icon_size=\u00bb32&#8243; icon_style=\u00bbnone\u00bb icon_color_border=\u00bb#333333&#8243; icon_border_size=\u00bb1&#8243; icon_border_radius=\u00bb500&#8243; icon_border_spacing=\u00bb50&#8243; img_width=\u00bb48&#8243; ult_hide_row_large_screen=\u00bboff\u00bb ult_hide_row_desktop=\u00bboff\u00bb ult_hide_row_tablet=\u00bboff\u00bb ult_hide_row_tablet_small=\u00bboff\u00bb ult_hide_row_mobile=\u00bboff\u00bb ult_hide_row_mobile_large=\u00bboff\u00bb][vc_column width=\u00bb1\/2&#8243;][vc_gallery interval=\u00bb3&#8243; images=\u00bb18309,18307,18305&#8243; img_size=\u00bbfull\u00bb onclick=\u00bb\u00bb][\/vc_column][vc_column width=\u00bb1\/2&#8243;][vc_empty_space height=\u00bb10px\u00bb][vc_column_text]<\/p>\n<h3>\u00c1ngel Deluxe<\/h3>\n<p>[\/vc_column_text][vc_column_text]Contamos con 16 c\u00f3modas habitaciones de lujo, todas han sido decoradas con estilo y detalles Asi\u00e1ticos y Coloniales, cuentan con vista al bosque desde sus terrazas o balcones. Cada una se encuentra equipada con modernas comodidades: aire acondicionado, ventiladores de techo, TV-Cable, internet inal\u00e1mbrico, mini bar, caja de seguridad, ba\u00f1o privado con tina y ducha caliente, secador de cabello, cafetera, reloj alarma y tel\u00e9fono. Las habitaciones de lujo tienen una cama tama\u00f1o queen, o bien dos camas separadas (tama\u00f1o queen y matrimonial). Estas habitaciones se encuentran de frente a la piscina.[\/vc_column_text][vc_empty_space]<a  itemprop=\"url\" href=\"https:\/\/reservations.orbebooking.com\/Search\/Init\/3gtBa\/en\" target=\"_blank\"  class=\"qbutton  medium center default\" style=\"border-radius: 10px;-moz-border-radius: 10px;-webkit-border-radius: 10px; \">RESERVAR<i class=\"qode_icon_font_awesome fa fa-bell qode_button_icon_element\" style=\"\" ><\/i><\/a>[\/vc_column][\/vc_row][vc_row css_animation=\u00bb\u00bb row_type=\u00bbrow\u00bb use_row_as_full_screen_section=\u00bbno\u00bb type=\u00bbgrid\u00bb angled_section=\u00bbno\u00bb text_align=\u00bbleft\u00bb background_image_as_pattern=\u00bbwithout_pattern\u00bb background_color=\u00bb#f2f2f2&#8243; padding_top=\u00bb80&#8243; padding_bottom=\u00bb80&#8243; bg_type=\u00bbno_bg\u00bb bg_grad=\u00bbbackground: -webkit-gradient(linear, left top, left bottom, color-stop(0%, #E3E3E3));background: -moz-linear-gradient(top,#E3E3E3 0%);background: -webkit-linear-gradient(top,#E3E3E3 0%);background: -o-linear-gradient(top,#E3E3E3 0%);background: -ms-linear-gradient(top,#E3E3E3 0%);background: linear-gradient(top,#E3E3E3 0%);\u00bb parallax_style=\u00bbvcpb-default\u00bb bg_image_repeat=\u00bbrepeat\u00bb bg_image_size=\u00bbcover\u00bb bg_img_attach=\u00bbscroll\u00bb parallax_sense=\u00bb30&#8243; animation_direction=\u00bbleft-animation\u00bb animation_repeat=\u00bbrepeat\u00bb video_opts=\u00bb\u00bb viewport_vdo=\u00bboff\u00bb enable_controls=\u00bboff\u00bb bg_override=\u00bb0&#8243; disable_on_mobile_img_parallax=\u00bboff\u00bb parallax_content_sense=\u00bb30&#8243; fadeout_start_effect=\u00bb30&#8243; overlay_pattern_opacity=\u00bb80&#8243; overlay_pattern_attachment=\u00bbfixed\u00bb multi_color_overlay=\u00bb\u00bb multi_color_overlay_opacity=\u00bb60&#8243; seperator_type=\u00bbnone_seperator\u00bb seperator_position=\u00bbtop_seperator\u00bb seperator_shape_size=\u00bb40&#8243; seperator_svg_height=\u00bb60&#8243; seperator_shape_background=\u00bb#ffffff\u00bb seperator_shape_border=\u00bbnone\u00bb seperator_shape_border_width=\u00bb1&#8243; icon_type=\u00bbno_icon\u00bb icon_size=\u00bb32&#8243; icon_style=\u00bbnone\u00bb icon_color_border=\u00bb#333333&#8243; icon_border_size=\u00bb1&#8243; icon_border_radius=\u00bb500&#8243; icon_border_spacing=\u00bb50&#8243; img_width=\u00bb48&#8243; ult_hide_row_large_screen=\u00bboff\u00bb ult_hide_row_desktop=\u00bboff\u00bb ult_hide_row_tablet=\u00bboff\u00bb ult_hide_row_tablet_small=\u00bboff\u00bb ult_hide_row_mobile=\u00bboff\u00bb ult_hide_row_mobile_large=\u00bboff\u00bb][vc_column width=\u00bb1\/2&#8243;][vc_empty_space height=\u00bb10px\u00bb][vc_column_text]<\/p>\n<h3>Jungle Room<\/h3>\n<p>[\/vc_column_text][vc_column_text]Nuestras 9 habitaciones Jungle est\u00e1n hechas de madera decorada en estilo Vintage con balcones privados con vista al bosque tropical, un lugar ideal para observar aves y vida silvestre. Estas habitaciones est\u00e1n equipadas con A\/C y ventiladores de techo, mini bar, caja fuerte, TV por cable, cafetera, ba\u00f1o privado con ducha y tel\u00e9fono, una cama matrimonial o dos camas individuales. Las habitaciones Jungle no tienen vista al mar.<\/p>\n<p>Este complejo est\u00e1 lejos de todas las \u00e1reas p\u00fablicas, por esta raz\u00f3n las habitaciones jungle se recomiendan para j\u00f3venes aventureros que buscan opciones asequibles. La entrada tiene escaleras (aproximadamente 40 escalones) o una rampa, estas habitaciones est\u00e1n ubicadas directamente en medio de la selva tropical, lejos del edificio principal, d\u00e1ndoles una sensaci\u00f3n de extrema privacidad. Todos los hu\u00e9spedes son bienvenidos a utilizar las instalaciones del hotel, por ejemplo, el restaurante, el spa y la piscina o jacuzzi.[\/vc_column_text][vc_empty_space][vc_column_text]<strong>Para reservaciones de esta habitaci\u00f3n, favor contactar a:<\/strong> <a href=\"mailto:info@cunadelangel.com\">info@cunadelangel.com <\/a>\u00f3 ll\u00e1menos al: <a href=\"tel.+506 27874343\">2787 4343<\/a>.[\/vc_column_text][vc_empty_space][\/vc_column][vc_column width=\u00bb1\/2&#8243;][vc_gallery interval=\u00bb3&#8243; images=\u00bb18316,18318,18320&#8243; img_size=\u00bbfull\u00bb onclick=\u00bb\u00bb][\/vc_column][\/vc_row]<\/p>\n","protected":false},"excerpt":{"rendered":"<p>[vc_row css_animation=\u00bb\u00bb row_type=\u00bbrow\u00bb use_row_as_full_screen_section=\u00bbno\u00bb type=\u00bbgrid\u00bb angled_section=\u00bbno\u00bb text_align=\u00bbleft\u00bb background_image_as_pattern=\u00bbwithout_pattern\u00bb padding_top=\u00bb80&#8243; padding_bottom=\u00bb80&#8243; bg_type=\u00bbno_bg\u00bb bg_grad=\u00bbbackground: -webkit-gradient(linear, left top, left bottom, color-stop(0%, #E3E3E3));background: -moz-linear-gradient(top,#E3E3E3 0%);background: -webkit-linear-gradient(top,#E3E3E3 0%);background: -o-linear-gradient(top,#E3E3E3 0%);background: -ms-linear-gradient(top,#E3E3E3 0%);background: linear-gradient(top,#E3E3E3 0%);\u00bb parallax_style=\u00bbvcpb-default\u00bb bg_image_repeat=\u00bbrepeat\u00bb bg_image_size=\u00bbcover\u00bb bg_img_attach=\u00bbscroll\u00bb parallax_sense=\u00bb30&#8243; animation_direction=\u00bbleft-animation\u00bb animation_repeat=\u00bbrepeat\u00bb video_opts=\u00bb\u00bb viewport_vdo=\u00bboff\u00bb enable_controls=\u00bboff\u00bb bg_override=\u00bb0&#8243; disable_on_mobile_img_parallax=\u00bboff\u00bb parallax_content_sense=\u00bb30&#8243; fadeout_start_effect=\u00bb30&#8243; overlay_pattern_opacity=\u00bb80&#8243; overlay_pattern_attachment=\u00bbfixed\u00bb&#8230;<\/p>\n","protected":false},"author":4,"featured_media":0,"parent":0,"menu_order":0,"comment_status":"closed","ping_status":"open","template":"full_width.php","meta":{"_joinchat":[],"footnotes":""},"class_list":["post-17252","page","type-page","status-publish","hentry"],"_links":{"self":[{"href":"https:\/\/www.cunadelangel.com\/es\/wp-json\/wp\/v2\/pages\/17252","targetHints":{"allow":["GET"]}}],"collection":[{"href":"https:\/\/www.cunadelangel.com\/es\/wp-json\/wp\/v2\/pages"}],"about":[{"href":"https:\/\/www.cunadelangel.com\/es\/wp-json\/wp\/v2\/types\/page"}],"author":[{"embeddable":true,"href":"https:\/\/www.cunadelangel.com\/es\/wp-json\/wp\/v2\/users\/4"}],"replies":[{"embeddable":true,"href":"https:\/\/www.cunadelangel.com\/es\/wp-json\/wp\/v2\/comments?post=17252"}],"version-history":[{"count":16,"href":"https:\/\/www.cunadelangel.com\/es\/wp-json\/wp\/v2\/pages\/17252\/revisions"}],"predecessor-version":[{"id":20702,"href":"https:\/\/www.cunadelangel.com\/es\/wp-json\/wp\/v2\/pages\/17252\/revisions\/20702"}],"wp:attachment":[{"href":"https:\/\/www.cunadelangel.com\/es\/wp-json\/wp\/v2\/media?parent=17252"}],"curies":[{"name":"wp","href":"https:\/\/api.w.org\/{rel}","templated":true}]}}