{"id":17254,"date":"2015-06-08T04:48:12","date_gmt":"2015-06-08T04:48:12","guid":{"rendered":"https:\/\/www.cunadelangel.com\/?page_id=17254"},"modified":"2023-02-27T22:10:25","modified_gmt":"2023-02-27T22:10:25","slug":"actividades","status":"publish","type":"page","link":"https:\/\/www.cunadelangel.com\/es\/actividades\/","title":{"rendered":"Actividades"},"content":{"rendered":"<p>[vc_row row_type=\u00bbrow\u00bb type=\u00bbgrid\u00bb text_align=\u00bbleft\u00bb padding_top=\u00bb100&#8243; padding_bottom=\u00bb30&#8243; anchor=\u00bbportfolio\u00bb content_menu_title=\u00bbPortfolio List\u00bb content_menu_icon=\u00bbfa-list\u00bb background_color=\u00bb#ffffff\u00bb background_image_as_pattern=\u00bbwithout_pattern\u00bb][vc_column width=\u00bb1\/1&#8243;][vc_row_inner][vc_column_inner width=\u00bb1\/2&#8243;][vc_column_text]<\/p>\n<h4>Bienvenido a Costa Ballena, el hermoso pac\u00edfico sur de Costa Rica, donde el verde resplandeciente de la monta\u00f1a y de la flora se puede disfrutar durante todo el a\u00f1o. El nombre de Costa Ballena es en honor a la llegada de ballenas que visitan las aguas de esta regi\u00f3n cada a\u00f1o para aparearse y tener sus cr\u00edas. La temporada de ballenas se da durante los meses de agosto, septiembre, octubre y noviembre. Sin embargo la vida marina de Costa Ballena es muy intensa, durante todo el a\u00f1o se avistan delfines, tortugas, aves marinas entre otras especies.<\/h4>\n<h4>La regi\u00f3n tur\u00edstica Costa Ballena abarca la zona costera entre Playa Dominical, pasando por Uvita y hasta Ojochal. Dentro de la misma se encuentra el Parque Nacional Marino Ballena, y la posibilidad de acceder en tour de un d\u00eda al Parque Nacional Corcovado y la Reserva Biol\u00f3gica Isla del Ca\u00f1o.<\/h4>\n<p>[\/vc_column_text][vc_separator type=\u00bbtransparent\u00bb position=\u00bbcenter\u00bb up=\u00bb21&#8243; down=\u00bb0&#8243;][\/vc_column_inner][vc_column_inner width=\u00bb1\/2&#8243;][vc_single_image image=\u00bb17148&#8243; alignment=\u00bbcenter\u00bb border_color=\u00bbgrey\u00bb img_link_large=\u00bb\u00bb img_link_target=\u00bb_self\u00bb img_size=\u00bbfull\u00bb style=\u00bbvc_box_shadow\u00bb qode_css_animation=\u00bbelement_from_right\u00bb][\/vc_column_inner][\/vc_row_inner][\/vc_column][\/vc_row][vc_row row_type=\u00bbrow\u00bb type=\u00bbgrid\u00bb text_align=\u00bbleft\u00bb padding_top=\u00bb94&#8243; padding_bottom=\u00bb40&#8243; anchor=\u00bbportfolio\u00bb content_menu_title=\u00bbPortfolio List\u00bb content_menu_icon=\u00bbfa-list\u00bb background_color=\u00bb#f7f7f7&#8243; background_image_as_pattern=\u00bbwithout_pattern\u00bb][vc_column width=\u00bb1\/1&#8243;][vc_column_text]<\/p>\n<h3 style=\"text-align: center;\">Actividades<\/h3>\n<p>[\/vc_column_text][vc_separator type=\u00bbtransparent\u00bb position=\u00bbcenter\u00bb down=\u00bb25&#8243; up=\u00bb18&#8243;][vc_row_inner][vc_column_inner width=\u00bb1\/4&#8243;][vc_column_text]<\/p>\n<div class=\"adesc_wrap\">\n<div class=\"t-main\" style=\"text-align: center;\">\n<div class=\"adesc_wrap\">\n<div class=\"adesc_1\">\n<p>Parque Nacional Corcovado<\/p>\n<p>Reserva Biol\u00f3gica Isla del Ca\u00f1o &#8211; Snorkeling &amp; Buceo<\/p>\n<p>Avistamiento de Ballenas y Delfines<\/p>\n<p>Pesca deportiva<\/p>\n<\/div>\n<\/div>\n<\/div>\n<\/div>\n<p>[\/vc_column_text][\/vc_column_inner][vc_column_inner width=\u00bb1\/4&#8243;][vc_column_text]<\/p>\n<div class=\"adesc_wrap\">\n<div class=\"t-main\" style=\"text-align: center;\">\n<div class=\"t-main\">\n<div class=\"adesc_wrap\">\n<div class=\"adesc_3\">\n<p>Senderismo<\/p>\n<p>Kayak Tour a los Manglares de Hatillo<\/p>\n<p>Hacienda Baru \u2013 Tours Guiados<\/p>\n<p>Canopy tour en Ojochal<\/p>\n<\/div>\n<\/div>\n<\/div>\n<\/div>\n<\/div>\n<p>[\/vc_column_text][\/vc_column_inner][vc_column_inner width=\u00bb1\/4&#8243;][vc_column_text]<\/p>\n<div class=\"adesc_wrap\">\n<div class=\"t-main\" style=\"text-align: center;\">\n<div class=\"t-main\">\n<div class=\"adesc_wrap\">\n<div class=\"adesc_3\">\n<div class=\"t-main\">\n<div class=\"t-main\">\n<div class=\"clearit\">\n<p>Canopy Tour &#8211; Vuelo del Tucan<\/p>\n<p>Hacienda Bar\u00fa, Refugio De Vida Silvestre<\/p>\n<p>Clases de Surf<\/p>\n<p>Cabalgata a las Cataratas de Nauyaca<\/p>\n<\/div>\n<\/div>\n<\/div>\n<\/div>\n<\/div>\n<\/div>\n<\/div>\n<\/div>\n<p>[\/vc_column_text][\/vc_column_inner][vc_column_inner width=\u00bb1\/4&#8243;][vc_column_text]<\/p>\n<div class=\"adesc_wrap\">\n<div class=\"t-main\" style=\"text-align: center;\">\n<div class=\"t-main\">\n<div class=\"adesc_wrap\">\n<div class=\"adesc_3\">\n<div class=\"adesc_3\">\n<p>Observaci\u00f3n de Aves<\/p>\n<p>Rafting Tour<\/p>\n<\/div>\n<\/div>\n<\/div>\n<\/div>\n<\/div>\n<\/div>\n<p>[\/vc_column_text][\/vc_column_inner][\/vc_row_inner][vc_separator type=\u00bbtransparent\u00bb position=\u00bbcenter\u00bb down=\u00bb25&#8243; up=\u00bb18&#8243; width_in_percentages=\u00bb\u00bb][\/vc_column][\/vc_row]<\/p>\n","protected":false},"excerpt":{"rendered":"<p>[vc_row row_type=\u00bbrow\u00bb type=\u00bbgrid\u00bb text_align=\u00bbleft\u00bb padding_top=\u00bb100&#8243; padding_bottom=\u00bb30&#8243; anchor=\u00bbportfolio\u00bb content_menu_title=\u00bbPortfolio List\u00bb content_menu_icon=\u00bbfa-list\u00bb background_color=\u00bb#ffffff\u00bb background_image_as_pattern=\u00bbwithout_pattern\u00bb][vc_column width=\u00bb1\/1&#8243;][vc_row_inner][vc_column_inner width=\u00bb1\/2&#8243;][vc_column_text] Bienvenido a Costa Ballena, el hermoso pac\u00edfico sur de Costa Rica, donde el verde resplandeciente de la monta\u00f1a y de la flora se puede disfrutar durante todo el a\u00f1o. El nombre&#8230;<\/p>\n","protected":false},"author":4,"featured_media":0,"parent":0,"menu_order":0,"comment_status":"open","ping_status":"open","template":"full_width.php","meta":{"_joinchat":[],"footnotes":""},"class_list":["post-17254","page","type-page","status-publish","hentry"],"_links":{"self":[{"href":"https:\/\/www.cunadelangel.com\/es\/wp-json\/wp\/v2\/pages\/17254","targetHints":{"allow":["GET"]}}],"collection":[{"href":"https:\/\/www.cunadelangel.com\/es\/wp-json\/wp\/v2\/pages"}],"about":[{"href":"https:\/\/www.cunadelangel.com\/es\/wp-json\/wp\/v2\/types\/page"}],"author":[{"embeddable":true,"href":"https:\/\/www.cunadelangel.com\/es\/wp-json\/wp\/v2\/users\/4"}],"replies":[{"embeddable":true,"href":"https:\/\/www.cunadelangel.com\/es\/wp-json\/wp\/v2\/comments?post=17254"}],"version-history":[{"count":2,"href":"https:\/\/www.cunadelangel.com\/es\/wp-json\/wp\/v2\/pages\/17254\/revisions"}],"predecessor-version":[{"id":19994,"href":"https:\/\/www.cunadelangel.com\/es\/wp-json\/wp\/v2\/pages\/17254\/revisions\/19994"}],"wp:attachment":[{"href":"https:\/\/www.cunadelangel.com\/es\/wp-json\/wp\/v2\/media?parent=17254"}],"curies":[{"name":"wp","href":"https:\/\/api.w.org\/{rel}","templated":true}]}}