{"id":17256,"date":"2015-06-08T06:29:17","date_gmt":"2015-06-08T06:29:17","guid":{"rendered":"https:\/\/www.cunadelangel.com\/?page_id=17256"},"modified":"2023-09-07T18:23:28","modified_gmt":"2023-09-07T18:23:28","slug":"luna-de-miel","status":"publish","type":"page","link":"https:\/\/www.cunadelangel.com\/es\/luna-de-miel\/","title":{"rendered":"Luna de Miel"},"content":{"rendered":"<p>[vc_row css_animation=\u00bb\u00bb row_type=\u00bbrow\u00bb use_row_as_full_screen_section=\u00bbno\u00bb type=\u00bbgrid\u00bb angled_section=\u00bbno\u00bb text_align=\u00bbleft\u00bb background_image_as_pattern=\u00bbwithout_pattern\u00bb css=\u00bb.vc_custom_1433744950462{padding-top: 70px !important;padding-bottom: 70px !important;background-color: #ffffff !important;}\u00bb bg_type=\u00bbno_bg\u00bb bg_grad=\u00bbbackground: -webkit-gradient(linear, left top, left bottom, color-stop(0%, #E3E3E3));background: -moz-linear-gradient(top,#E3E3E3 0%);background: -webkit-linear-gradient(top,#E3E3E3 0%);background: -o-linear-gradient(top,#E3E3E3 0%);background: -ms-linear-gradient(top,#E3E3E3 0%);background: linear-gradient(top,#E3E3E3 0%);\u00bb parallax_style=\u00bbvcpb-default\u00bb bg_image_repeat=\u00bbrepeat\u00bb bg_image_size=\u00bbcover\u00bb bg_img_attach=\u00bbscroll\u00bb parallax_sense=\u00bb30&#8243; animation_direction=\u00bbleft-animation\u00bb animation_repeat=\u00bbrepeat\u00bb video_opts=\u00bb\u00bb viewport_vdo=\u00bboff\u00bb enable_controls=\u00bboff\u00bb bg_override=\u00bb0&#8243; disable_on_mobile_img_parallax=\u00bboff\u00bb parallax_content_sense=\u00bb30&#8243; fadeout_start_effect=\u00bb30&#8243; overlay_pattern_opacity=\u00bb80&#8243; overlay_pattern_attachment=\u00bbfixed\u00bb multi_color_overlay=\u00bb\u00bb multi_color_overlay_opacity=\u00bb60&#8243; seperator_type=\u00bbnone_seperator\u00bb seperator_position=\u00bbtop_seperator\u00bb seperator_shape_size=\u00bb40&#8243; seperator_svg_height=\u00bb60&#8243; seperator_shape_background=\u00bb#ffffff\u00bb seperator_shape_border=\u00bbnone\u00bb seperator_shape_border_width=\u00bb1&#8243; icon_type=\u00bbno_icon\u00bb icon_size=\u00bb32&#8243; icon_style=\u00bbnone\u00bb icon_color_border=\u00bb#333333&#8243; icon_border_size=\u00bb1&#8243; icon_border_radius=\u00bb500&#8243; icon_border_spacing=\u00bb50&#8243; img_width=\u00bb48&#8243; ult_hide_row_large_screen=\u00bboff\u00bb ult_hide_row_desktop=\u00bboff\u00bb ult_hide_row_tablet=\u00bboff\u00bb ult_hide_row_tablet_small=\u00bboff\u00bb ult_hide_row_mobile=\u00bboff\u00bb ult_hide_row_mobile_large=\u00bboff\u00bb][vc_column][vc_column_text]<\/p>\n<h3 style=\"text-align: center;\"><strong>Luna de Miel<\/strong><\/h3>\n<p style=\"text-align: center;\">Sum\u00e9rjase en el bosque tropical y la paradisiaca playa Dominical, d\u00e9jese llevar por las espectaculares vistas y los atardeceres en el Pac\u00edfico Sur de Costa Rica. Atr\u00e9vase a disfrutar una luna de miel inolvidable explorando los secretos escondidos en las exuberantes monta\u00f1as que arriban en las solitarias playas del sur de Costa Rica.<\/p>\n<p style=\"text-align: center;\">Disfrute de todas las actividades de aventura y descanso desde Cuna del \u00c1ngel, un hotel estilo boutique que destila un ambiente \u00edntimo y rom\u00e1ntico, con excelente servicio, habitaciones de lujo, cenas rom\u00e1nticas en nuestro prestigioso restaurante as\u00ed como relajantes opciones en nuestro SPA.<\/p>\n<p>[\/vc_column_text][vc_empty_space][vc_column_text]<\/p>\n<h2 style=\"text-align: center;\">Prepare su Luna de miel con los \u00c1ngeles<\/h2>\n<p>[\/vc_column_text][vc_empty_space height=\u00bb20px\u00bb][vc_row_inner row_type=\u00bbrow\u00bb type=\u00bbfull_width\u00bb text_align=\u00bbcenter\u00bb css_animation=\u00bb\u00bb disable_element=\u00bbyes\u00bb][vc_column_inner width=\u00bb1\/3&#8243;][vc_column_text][\/vc_column_text][\/vc_column_inner][vc_column_inner width=\u00bb1\/3&#8243;]<a  itemprop=\"url\" href=\"https:\/\/reservations.orbebooking.com\/Search\/Init\/3gtBa\/es\" target=\"_blank\"  class=\"qbutton  medium center default\" style=\"\">Cotiza Ya<i class=\"qode_icon_font_awesome fa fa-check qode_button_icon_element\" style=\"\" ><\/i><\/a>[vc_empty_space height=\u00bb40px\u00bb][\/vc_column_inner][vc_column_inner width=\u00bb1\/3&#8243;][vc_column_text][\/vc_column_text][\/vc_column_inner][\/vc_row_inner][vc_row_inner row_type=\u00bbrow\u00bb type=\u00bbfull_width\u00bb text_align=\u00bbleft\u00bb css_animation=\u00bb\u00bb disable_element=\u00bbyes\u00bb el_class=\u00bbocultarcontenido\u00bb][vc_column_inner width=\u00bb1\/6&#8243;][vc_column_text][\/vc_column_text][\/vc_column_inner][vc_column_inner width=\u00bb2\/3&#8243;][vc_column_text]<\/p>\n<p style=\"text-align: center;\">\u2022 2 \u00f3 3 Noches de alojamiento en habitaci\u00f3n Deluxe<br \/>\n\u2022 Desayuno diario.<br \/>\n\u2022 C\u00f3ctel de Frutas de Bienvenida a su llegada al Hotel<br \/>\n\u2022 1 Cena Rom\u00e1ntica para dos personas (3 tiempos gourmet)<br \/>\n\u2022 1 Botella de Vino Espumante<br \/>\n\u2022 Impuestos incluidos<\/p>\n<p>[\/vc_column_text][\/vc_column_inner][vc_column_inner width=\u00bb1\/6&#8243;][vc_column_text][\/vc_column_text][\/vc_column_inner][\/vc_row_inner][vc_row_inner row_type=\u00bbrow\u00bb type=\u00bbfull_width\u00bb text_align=\u00bbleft\u00bb css_animation=\u00bb\u00bb disable_element=\u00bbyes\u00bb el_class=\u00bbocultarcontenido\u00bb][vc_column_inner width=\u00bb1\/2&#8243; css=\u00bb.vc_custom_1435696111500{padding-top: 10px !important;}\u00bb][vc_column_text]<\/p>\n<h3 style=\"text-align: right;\"><strong>Desde $440 USD<\/strong><\/h3>\n<h6 style=\"text-align: right;\">*V\u00e1lido hasta el 23 de Diciembre, 2019<\/h6>\n<p>[\/vc_column_text][\/vc_column_inner][vc_column_inner width=\u00bb1\/2&#8243;]<a  itemprop=\"url\" href=\"https:\/\/www.cunadelangel.com\/es\/contactenos\/\" target=\"_blank\"  class=\"qbutton  large center default\" style=\"\">Contacto<i class=\"qode_icon_font_awesome fa fa-check qode_button_icon_element\" style=\"\" ><\/i><\/a>[\/vc_column_inner][\/vc_row_inner][\/vc_column][\/vc_row]<\/p>\n","protected":false},"excerpt":{"rendered":"<p>[vc_row css_animation=\u00bb\u00bb row_type=\u00bbrow\u00bb use_row_as_full_screen_section=\u00bbno\u00bb type=\u00bbgrid\u00bb angled_section=\u00bbno\u00bb text_align=\u00bbleft\u00bb background_image_as_pattern=\u00bbwithout_pattern\u00bb css=\u00bb.vc_custom_1433744950462{padding-top: 70px !important;padding-bottom: 70px !important;background-color: #ffffff !important;}\u00bb bg_type=\u00bbno_bg\u00bb bg_grad=\u00bbbackground: -webkit-gradient(linear, left top, left bottom, color-stop(0%, #E3E3E3));background: -moz-linear-gradient(top,#E3E3E3 0%);background: -webkit-linear-gradient(top,#E3E3E3 0%);background: -o-linear-gradient(top,#E3E3E3 0%);background: -ms-linear-gradient(top,#E3E3E3 0%);background: linear-gradient(top,#E3E3E3 0%);\u00bb parallax_style=\u00bbvcpb-default\u00bb bg_image_repeat=\u00bbrepeat\u00bb bg_image_size=\u00bbcover\u00bb bg_img_attach=\u00bbscroll\u00bb parallax_sense=\u00bb30&#8243; animation_direction=\u00bbleft-animation\u00bb animation_repeat=\u00bbrepeat\u00bb video_opts=\u00bb\u00bb viewport_vdo=\u00bboff\u00bb enable_controls=\u00bboff\u00bb bg_override=\u00bb0&#8243;&#8230;<\/p>\n","protected":false},"author":4,"featured_media":0,"parent":0,"menu_order":0,"comment_status":"open","ping_status":"open","template":"full_width.php","meta":{"_joinchat":[],"footnotes":""},"class_list":["post-17256","page","type-page","status-publish","hentry"],"_links":{"self":[{"href":"https:\/\/www.cunadelangel.com\/es\/wp-json\/wp\/v2\/pages\/17256","targetHints":{"allow":["GET"]}}],"collection":[{"href":"https:\/\/www.cunadelangel.com\/es\/wp-json\/wp\/v2\/pages"}],"about":[{"href":"https:\/\/www.cunadelangel.com\/es\/wp-json\/wp\/v2\/types\/page"}],"author":[{"embeddable":true,"href":"https:\/\/www.cunadelangel.com\/es\/wp-json\/wp\/v2\/users\/4"}],"replies":[{"embeddable":true,"href":"https:\/\/www.cunadelangel.com\/es\/wp-json\/wp\/v2\/comments?post=17256"}],"version-history":[{"count":18,"href":"https:\/\/www.cunadelangel.com\/es\/wp-json\/wp\/v2\/pages\/17256\/revisions"}],"predecessor-version":[{"id":20713,"href":"https:\/\/www.cunadelangel.com\/es\/wp-json\/wp\/v2\/pages\/17256\/revisions\/20713"}],"wp:attachment":[{"href":"https:\/\/www.cunadelangel.com\/es\/wp-json\/wp\/v2\/media?parent=17256"}],"curies":[{"name":"wp","href":"https:\/\/api.w.org\/{rel}","templated":true}]}}