{"id":17314,"date":"2015-06-08T05:33:47","date_gmt":"2015-06-08T05:33:47","guid":{"rendered":"https:\/\/www.cunadelangel.com\/corcovado-national-park-2\/"},"modified":"2023-02-27T22:23:37","modified_gmt":"2023-02-27T22:23:37","slug":"corcovado-national-park","status":"publish","type":"page","link":"https:\/\/www.cunadelangel.com\/es\/corcovado-national-park\/","title":{"rendered":"Parque Nacional Corcovado"},"content":{"rendered":"<p>[vc_row row_type=\u00bbrow\u00bb type=\u00bbgrid\u00bb text_align=\u00bbleft\u00bb padding_top=\u00bb100&#8243; padding_bottom=\u00bb30&#8243; anchor=\u00bbportfolio\u00bb content_menu_title=\u00bbPortfolio List\u00bb content_menu_icon=\u00bbfa-list\u00bb background_color=\u00bb#ffffff\u00bb background_image_as_pattern=\u00bbwithout_pattern\u00bb][vc_column width=\u00bb1\/1&#8243;][vc_row_inner][vc_column_inner width=\u00bb1\/1&#8243;][vc_column_text]<\/p>\n<h4>El Parque Nacional Corcovado es considerado el tercer Parque Nacional m\u00e1s biol\u00f3gico del mundo seg\u00fan National Gegraphic debido a que alberga el 2% de toda la diversidad mundial El Parque Nacional Corcovado alberga m\u00e1s de 400 especies de p\u00e1jaros, 140 especies de mam\u00edferos, 116 especies de anfibios y reptiles, y 6000 especies de insectos. El tour comienza a las 6am tomando la Costanera hacia Sierpe, luego, se contin\u00faa en bote a trav\u00e9s del manglar m\u00e1s grande de Am\u00e9rica Central hacia la boca del Rio Sierpe disfrutando en el recorrido las vistas de Bah\u00eda Drake y la Reserva Biol\u00f3gica Marenco y la posibilidad de avistar ballenas y delfines. Luego de aproximadamente 50 minutos de viaje en bote hacia la entrada del Parque Nacional comenzara una caminata a trav\u00e9s del bosque buscando naturaleza y vida silvestre.<\/h4>\n<p>[\/vc_column_text][vc_separator type=\u00bbtransparent\u00bb position=\u00bbcenter\u00bb up=\u00bb60&#8243; down=\u00bb0&#8243; width_in_percentages=\u00bb\u00bb][vc_single_image image=\u00bb16626&#8243; alignment=\u00bbcenter\u00bb border_color=\u00bbgrey\u00bb img_link_large=\u00bb\u00bb img_link_target=\u00bb_self\u00bb img_size=\u00bbfull\u00bb style=\u00bbvc_box_shadow\u00bb][\/vc_column_inner][\/vc_row_inner][vc_separator type=\u00bbtransparent\u00bb position=\u00bbcenter\u00bb up=\u00bb60&#8243; down=\u00bb0&#8243; width_in_percentages=\u00bb\u00bb][\/vc_column][\/vc_row]<\/p>\n","protected":false},"excerpt":{"rendered":"<p>[vc_row row_type=\u00bbrow\u00bb type=\u00bbgrid\u00bb text_align=\u00bbleft\u00bb padding_top=\u00bb100&#8243; padding_bottom=\u00bb30&#8243; anchor=\u00bbportfolio\u00bb content_menu_title=\u00bbPortfolio List\u00bb content_menu_icon=\u00bbfa-list\u00bb background_color=\u00bb#ffffff\u00bb background_image_as_pattern=\u00bbwithout_pattern\u00bb][vc_column width=\u00bb1\/1&#8243;][vc_row_inner][vc_column_inner width=\u00bb1\/1&#8243;][vc_column_text] El Parque Nacional Corcovado es considerado el tercer Parque Nacional m\u00e1s biol\u00f3gico del mundo seg\u00fan National Gegraphic debido a que alberga el 2% de toda la diversidad mundial El Parque Nacional&#8230;<\/p>\n","protected":false},"author":4,"featured_media":0,"parent":0,"menu_order":0,"comment_status":"open","ping_status":"open","template":"full_width.php","meta":{"_joinchat":[],"footnotes":""},"class_list":["post-17314","page","type-page","status-publish","hentry"],"_links":{"self":[{"href":"https:\/\/www.cunadelangel.com\/es\/wp-json\/wp\/v2\/pages\/17314","targetHints":{"allow":["GET"]}}],"collection":[{"href":"https:\/\/www.cunadelangel.com\/es\/wp-json\/wp\/v2\/pages"}],"about":[{"href":"https:\/\/www.cunadelangel.com\/es\/wp-json\/wp\/v2\/types\/page"}],"author":[{"embeddable":true,"href":"https:\/\/www.cunadelangel.com\/es\/wp-json\/wp\/v2\/users\/4"}],"replies":[{"embeddable":true,"href":"https:\/\/www.cunadelangel.com\/es\/wp-json\/wp\/v2\/comments?post=17314"}],"version-history":[{"count":3,"href":"https:\/\/www.cunadelangel.com\/es\/wp-json\/wp\/v2\/pages\/17314\/revisions"}],"predecessor-version":[{"id":18238,"href":"https:\/\/www.cunadelangel.com\/es\/wp-json\/wp\/v2\/pages\/17314\/revisions\/18238"}],"wp:attachment":[{"href":"https:\/\/www.cunadelangel.com\/es\/wp-json\/wp\/v2\/media?parent=17314"}],"curies":[{"name":"wp","href":"https:\/\/api.w.org\/{rel}","templated":true}]}}