{"id":17317,"date":"2015-06-08T06:02:33","date_gmt":"2015-06-08T06:02:33","guid":{"rendered":"https:\/\/www.cunadelangel.com\/kayak-tours-2\/"},"modified":"2023-02-27T22:18:51","modified_gmt":"2023-02-27T22:18:51","slug":"kayak-tours","status":"publish","type":"page","link":"https:\/\/www.cunadelangel.com\/es\/kayak-tours\/","title":{"rendered":"Kayak Tour de Olas y Cavernas en el Parque Marino Ballena"},"content":{"rendered":"<p>[vc_row row_type=\u00bbrow\u00bb type=\u00bbgrid\u00bb text_align=\u00bbleft\u00bb padding_top=\u00bb100&#8243; padding_bottom=\u00bb30&#8243; anchor=\u00bbportfolio\u00bb content_menu_title=\u00bbPortfolio List\u00bb content_menu_icon=\u00bbfa-list\u00bb background_color=\u00bb#ffffff\u00bb background_image_as_pattern=\u00bbwithout_pattern\u00bb][vc_column width=\u00bb1\/1&#8243;][vc_row_inner][vc_column_inner width=\u00bb1\/2&#8243;][vc_column_text]<\/p>\n<h4>El tour toma lugar en el Parque Marino Ballena desde Playa Pi\u00f1uelas hacia Playa Ventanas. Existen m\u00e1s de 20 cavernas oce\u00e1nicas, a lo largo de la costa, formadas por las monta\u00f1as de origen volc\u00e1nico que descienden en el mar dram\u00e1ticamente. Algunas de estas cavernas son accesibles en kayak dependiendo de las mareas. Durante el tour hay posibilidad de avistar delfines y tortugas marinas, en el primer tramo a Playa Ventanas. Una vez all\u00ed podr\u00e1n surfear las olas con los kayaks y tomar un descanso o disfrutar de las espectaculares cavernas ubicadas en la playa.<\/h4>\n<p>[\/vc_column_text][vc_separator type=\u00bbtransparent\u00bb position=\u00bbcenter\u00bb up=\u00bb21&#8243; down=\u00bb0&#8243;][\/vc_column_inner][vc_column_inner width=\u00bb1\/2&#8243;][vc_single_image image=\u00bb16653&#8243; alignment=\u00bbcenter\u00bb style=\u00bbvc_box_shadow\u00bb border_color=\u00bbgrey\u00bb img_link_large=\u00bb\u00bb img_link_target=\u00bb_self\u00bb img_size=\u00bbfull\u00bb qode_css_animation=\u00bbelement_from_right\u00bb][vc_separator type=\u00bbtransparent\u00bb position=\u00bbcenter\u00bb up=\u00bb21&#8243; down=\u00bb0&#8243;][vc_column_text]<\/p>\n<p style=\"text-align: center;\"><b>Tiempo del tour: alrededor de 5 horas<\/b><\/p>\n<p>[\/vc_column_text][\/vc_column_inner][\/vc_row_inner][\/vc_column][\/vc_row]<\/p>\n","protected":false},"excerpt":{"rendered":"<p>[vc_row row_type=\u00bbrow\u00bb type=\u00bbgrid\u00bb text_align=\u00bbleft\u00bb padding_top=\u00bb100&#8243; padding_bottom=\u00bb30&#8243; anchor=\u00bbportfolio\u00bb content_menu_title=\u00bbPortfolio List\u00bb content_menu_icon=\u00bbfa-list\u00bb background_color=\u00bb#ffffff\u00bb background_image_as_pattern=\u00bbwithout_pattern\u00bb][vc_column width=\u00bb1\/1&#8243;][vc_row_inner][vc_column_inner width=\u00bb1\/2&#8243;][vc_column_text] El tour toma lugar en el Parque Marino Ballena desde Playa Pi\u00f1uelas hacia Playa Ventanas. Existen m\u00e1s de 20 cavernas oce\u00e1nicas, a lo largo de la costa, formadas por las monta\u00f1as&#8230;<\/p>\n","protected":false},"author":4,"featured_media":0,"parent":0,"menu_order":0,"comment_status":"closed","ping_status":"open","template":"full_width.php","meta":{"_joinchat":[],"footnotes":""},"class_list":["post-17317","page","type-page","status-publish","hentry"],"_links":{"self":[{"href":"https:\/\/www.cunadelangel.com\/es\/wp-json\/wp\/v2\/pages\/17317","targetHints":{"allow":["GET"]}}],"collection":[{"href":"https:\/\/www.cunadelangel.com\/es\/wp-json\/wp\/v2\/pages"}],"about":[{"href":"https:\/\/www.cunadelangel.com\/es\/wp-json\/wp\/v2\/types\/page"}],"author":[{"embeddable":true,"href":"https:\/\/www.cunadelangel.com\/es\/wp-json\/wp\/v2\/users\/4"}],"replies":[{"embeddable":true,"href":"https:\/\/www.cunadelangel.com\/es\/wp-json\/wp\/v2\/comments?post=17317"}],"version-history":[{"count":4,"href":"https:\/\/www.cunadelangel.com\/es\/wp-json\/wp\/v2\/pages\/17317\/revisions"}],"predecessor-version":[{"id":19995,"href":"https:\/\/www.cunadelangel.com\/es\/wp-json\/wp\/v2\/pages\/17317\/revisions\/19995"}],"wp:attachment":[{"href":"https:\/\/www.cunadelangel.com\/es\/wp-json\/wp\/v2\/media?parent=17317"}],"curies":[{"name":"wp","href":"https:\/\/api.w.org\/{rel}","templated":true}]}}