{"id":17322,"date":"2015-06-08T05:38:49","date_gmt":"2015-06-08T05:38:49","guid":{"rendered":"https:\/\/www.cunadelangel.com\/hiking-3\/"},"modified":"2023-02-27T22:11:57","modified_gmt":"2023-02-27T22:11:57","slug":"hiking","status":"publish","type":"page","link":"https:\/\/www.cunadelangel.com\/es\/hiking\/","title":{"rendered":"Caminata Hacienda Bar\u00fa"},"content":{"rendered":"<p>[vc_row row_type=\u00bbrow\u00bb type=\u00bbgrid\u00bb text_align=\u00bbleft\u00bb padding_top=\u00bb100&#8243; padding_bottom=\u00bb30&#8243; anchor=\u00bbportfolio\u00bb content_menu_title=\u00bbPortfolio List\u00bb content_menu_icon=\u00bbfa-list\u00bb background_color=\u00bb#ffffff\u00bb background_image_as_pattern=\u00bbwithout_pattern\u00bb][vc_column width=\u00bb1\/1&#8243;][vc_row_inner][vc_column_inner width=\u00bb1\/3&#8243;][vc_single_image image=\u00bb16631&#8243; alignment=\u00bbcenter\u00bb border_color=\u00bbgrey\u00bb img_link_large=\u00bb\u00bb img_link_target=\u00bb_self\u00bb img_size=\u00bbfull\u00bb qode_css_animation=\u00bbelement_from_left\u00bb style=\u00bbvc_box_shadow\u00bb][\/vc_column_inner][vc_column_inner width=\u00bb2\/3&#8243;][vc_separator type=\u00bbtransparent\u00bb position=\u00bbcenter\u00bb up=\u00bb50&#8243; down=\u00bb0&#8243; width_in_percentages=\u00bb\u00bb][vc_column_text]<\/p>\n<h4>Hacienda Bar\u00fa Refugio de Vida Silvestre abarca 7 kil\u00f3metros de un incre\u00edble bosque tropical lluvioso primario y secundario, esteros, pasturas y manglares. Existen distintos senderos que lo llevaran desde las \u00e1reas altas, bajas y la playa. Otros lo llevaran a obtener unas maravillosas vistas de la costa. Usted tendr\u00e1 much\u00edsimas oportunidades de observar y aprender acerca de la vida silvestre y su h\u00e1bitat.<\/h4>\n<p>[\/vc_column_text][\/vc_column_inner][\/vc_row_inner][vc_separator type=\u00bbtransparent\u00bb position=\u00bbcenter\u00bb up=\u00bb50&#8243; down=\u00bb0&#8243; width_in_percentages=\u00bb\u00bb][\/vc_column][\/vc_row]<\/p>\n","protected":false},"excerpt":{"rendered":"<p>[vc_row row_type=\u00bbrow\u00bb type=\u00bbgrid\u00bb text_align=\u00bbleft\u00bb padding_top=\u00bb100&#8243; padding_bottom=\u00bb30&#8243; anchor=\u00bbportfolio\u00bb content_menu_title=\u00bbPortfolio List\u00bb content_menu_icon=\u00bbfa-list\u00bb background_color=\u00bb#ffffff\u00bb background_image_as_pattern=\u00bbwithout_pattern\u00bb][vc_column width=\u00bb1\/1&#8243;][vc_row_inner][vc_column_inner width=\u00bb1\/3&#8243;][vc_single_image image=\u00bb16631&#8243; alignment=\u00bbcenter\u00bb border_color=\u00bbgrey\u00bb img_link_large=\u00bb\u00bb img_link_target=\u00bb_self\u00bb img_size=\u00bbfull\u00bb qode_css_animation=\u00bbelement_from_left\u00bb style=\u00bbvc_box_shadow\u00bb][\/vc_column_inner][vc_column_inner width=\u00bb2\/3&#8243;][vc_separator type=\u00bbtransparent\u00bb position=\u00bbcenter\u00bb up=\u00bb50&#8243; down=\u00bb0&#8243; width_in_percentages=\u00bb\u00bb][vc_column_text] Hacienda Bar\u00fa Refugio de Vida Silvestre abarca 7 kil\u00f3metros de un incre\u00edble bosque tropical lluvioso primario y&#8230;<\/p>\n","protected":false},"author":4,"featured_media":0,"parent":0,"menu_order":0,"comment_status":"open","ping_status":"open","template":"full_width.php","meta":{"_joinchat":[],"footnotes":""},"class_list":["post-17322","page","type-page","status-publish","hentry"],"_links":{"self":[{"href":"https:\/\/www.cunadelangel.com\/es\/wp-json\/wp\/v2\/pages\/17322","targetHints":{"allow":["GET"]}}],"collection":[{"href":"https:\/\/www.cunadelangel.com\/es\/wp-json\/wp\/v2\/pages"}],"about":[{"href":"https:\/\/www.cunadelangel.com\/es\/wp-json\/wp\/v2\/types\/page"}],"author":[{"embeddable":true,"href":"https:\/\/www.cunadelangel.com\/es\/wp-json\/wp\/v2\/users\/4"}],"replies":[{"embeddable":true,"href":"https:\/\/www.cunadelangel.com\/es\/wp-json\/wp\/v2\/comments?post=17322"}],"version-history":[{"count":2,"href":"https:\/\/www.cunadelangel.com\/es\/wp-json\/wp\/v2\/pages\/17322\/revisions"}],"predecessor-version":[{"id":17326,"href":"https:\/\/www.cunadelangel.com\/es\/wp-json\/wp\/v2\/pages\/17322\/revisions\/17326"}],"wp:attachment":[{"href":"https:\/\/www.cunadelangel.com\/es\/wp-json\/wp\/v2\/media?parent=17322"}],"curies":[{"name":"wp","href":"https:\/\/api.w.org\/{rel}","templated":true}]}}