{"id":17324,"date":"2015-06-08T05:55:50","date_gmt":"2015-06-08T05:55:50","guid":{"rendered":"https:\/\/www.cunadelangel.com\/canopy-tour-2\/"},"modified":"2023-02-27T22:14:14","modified_gmt":"2023-02-27T22:14:14","slug":"canopy-tour","status":"publish","type":"page","link":"https:\/\/www.cunadelangel.com\/es\/canopy-tour\/","title":{"rendered":"Canopy Tour"},"content":{"rendered":"<p>[vc_row row_type=\u00bbrow\u00bb type=\u00bbgrid\u00bb text_align=\u00bbleft\u00bb padding_top=\u00bb100&#8243; padding_bottom=\u00bb30&#8243; anchor=\u00bbportfolio\u00bb content_menu_title=\u00bbPortfolio List\u00bb content_menu_icon=\u00bbfa-list\u00bb background_color=\u00bb#ffffff\u00bb background_image_as_pattern=\u00bbwithout_pattern\u00bb][vc_column width=\u00bb1\/1&#8243;][vc_row_inner][vc_column_inner width=\u00bb1\/2&#8243;][vc_column_text]<\/p>\n<h3><b>Vuelo del Tuc\u00e1n &#8211; Canopy Tour<\/b><\/h3>\n<h4>El Vuelo del Tuc\u00e1n imita el volar del tuc\u00e1n. Ocho cables lo llevaran desde un \u00e1rbol a otro a trav\u00e9s de valles y quebradas. El Canopy cuenta con 14 plataformas y una plataforma en lo alto de un \u00e1rbol con vistas del mar y la costa. Esta es una excelente manera de experimentar el bosque.<\/h4>\n<p>[\/vc_column_text][vc_separator type=\u00bbtransparent\u00bb position=\u00bbcenter\u00bb up=\u00bb21&#8243; down=\u00bb0&#8243;][\/vc_column_inner][vc_column_inner width=\u00bb1\/2&#8243;][vc_single_image image=\u00bb16646&#8243; alignment=\u00bbcenter\u00bb style=\u00bbvc_box_shadow\u00bb border_color=\u00bbgrey\u00bb img_link_large=\u00bb\u00bb img_link_target=\u00bb_self\u00bb qode_css_animation=\u00bbelement_from_right\u00bb img_size=\u00bbfull\u00bb][\/vc_column_inner][\/vc_row_inner][\/vc_column][\/vc_row]<\/p>\n","protected":false},"excerpt":{"rendered":"<p>[vc_row row_type=\u00bbrow\u00bb type=\u00bbgrid\u00bb text_align=\u00bbleft\u00bb padding_top=\u00bb100&#8243; padding_bottom=\u00bb30&#8243; anchor=\u00bbportfolio\u00bb content_menu_title=\u00bbPortfolio List\u00bb content_menu_icon=\u00bbfa-list\u00bb background_color=\u00bb#ffffff\u00bb background_image_as_pattern=\u00bbwithout_pattern\u00bb][vc_column width=\u00bb1\/1&#8243;][vc_row_inner][vc_column_inner width=\u00bb1\/2&#8243;][vc_column_text] Vuelo del Tuc\u00e1n &#8211; Canopy Tour El Vuelo del Tuc\u00e1n imita el volar del tuc\u00e1n. Ocho cables lo llevaran desde un \u00e1rbol a otro a trav\u00e9s de valles y quebradas. El&#8230;<\/p>\n","protected":false},"author":4,"featured_media":0,"parent":0,"menu_order":0,"comment_status":"open","ping_status":"open","template":"full_width.php","meta":{"_joinchat":[],"footnotes":""},"class_list":["post-17324","page","type-page","status-publish","hentry"],"_links":{"self":[{"href":"https:\/\/www.cunadelangel.com\/es\/wp-json\/wp\/v2\/pages\/17324","targetHints":{"allow":["GET"]}}],"collection":[{"href":"https:\/\/www.cunadelangel.com\/es\/wp-json\/wp\/v2\/pages"}],"about":[{"href":"https:\/\/www.cunadelangel.com\/es\/wp-json\/wp\/v2\/types\/page"}],"author":[{"embeddable":true,"href":"https:\/\/www.cunadelangel.com\/es\/wp-json\/wp\/v2\/users\/4"}],"replies":[{"embeddable":true,"href":"https:\/\/www.cunadelangel.com\/es\/wp-json\/wp\/v2\/comments?post=17324"}],"version-history":[{"count":1,"href":"https:\/\/www.cunadelangel.com\/es\/wp-json\/wp\/v2\/pages\/17324\/revisions"}],"predecessor-version":[{"id":17327,"href":"https:\/\/www.cunadelangel.com\/es\/wp-json\/wp\/v2\/pages\/17324\/revisions\/17327"}],"wp:attachment":[{"href":"https:\/\/www.cunadelangel.com\/es\/wp-json\/wp\/v2\/media?parent=17324"}],"curies":[{"name":"wp","href":"https:\/\/api.w.org\/{rel}","templated":true}]}}