{"id":17328,"date":"2015-06-08T06:11:41","date_gmt":"2015-06-08T06:11:41","guid":{"rendered":"https:\/\/www.cunadelangel.com\/other-activities-2\/"},"modified":"2023-02-27T22:22:57","modified_gmt":"2023-02-27T22:22:57","slug":"other-activities","status":"publish","type":"page","link":"https:\/\/www.cunadelangel.com\/es\/other-activities\/","title":{"rendered":"Otros"},"content":{"rendered":"<p>[vc_row row_type=\u00bbrow\u00bb type=\u00bbgrid\u00bb text_align=\u00bbleft\u00bb padding_top=\u00bb100&#8243; padding_bottom=\u00bb30&#8243; anchor=\u00bbportfolio\u00bb content_menu_title=\u00bbPortfolio List\u00bb content_menu_icon=\u00bbfa-list\u00bb background_color=\u00bb#ffffff\u00bb background_image_as_pattern=\u00bbwithout_pattern\u00bb][vc_column width=\u00bb1\/1&#8243;][vc_row_inner][vc_column_inner width=\u00bb1\/1&#8243;][vc_column_text]<\/p>\n<h3>San Buenas Golf Resort<\/h3>\n<p>Para los amantes del golf, San Buenas es una gran opci\u00f3n a 40 minutos del Hotel Cuna del Angel. Este espectacular topograf\u00eda de un valle atravesado por un r\u00edo crean el escenario perfecto para 18 fant\u00e1sticos hoyos. El arquitecto del campo de golf fue el Sr. Dan Lavis. Durante el proceso de dise\u00f1o, San Buenas Golf Resort se preocup\u00f3 de los 224 \u00e1rboles aut\u00f3ctonos en la propiedad, los 18 hoyos fueron asignados en forma que permitiera garantizar la conservaci\u00f3n de estos grandes recursos naturales.[\/vc_column_text][vc_separator type=\u00bbtransparent\u00bb position=\u00bbcenter\u00bb up=\u00bb40&#8243; down=\u00bb0&#8243; width_in_percentages=\u00bb\u00bb][vc_single_image image=\u00bb16662&#8243; alignment=\u00bbcenter\u00bb border_color=\u00bbgrey\u00bb img_link_large=\u00bb\u00bb img_link_target=\u00bb_self\u00bb img_size=\u00bbfull\u00bb][vc_separator type=\u00bbtransparent\u00bb position=\u00bbcenter\u00bb up=\u00bb40&#8243; down=\u00bb0&#8243; width_in_percentages=\u00bb\u00bb][\/vc_column_inner][\/vc_row_inner][\/vc_column][\/vc_row][vc_row row_type=\u00bbrow\u00bb type=\u00bbgrid\u00bb text_align=\u00bbleft\u00bb padding_top=\u00bb94&#8243; padding_bottom=\u00bb40&#8243; anchor=\u00bbportfolio\u00bb content_menu_title=\u00bbPortfolio List\u00bb content_menu_icon=\u00bbfa-list\u00bb background_color=\u00bb#f7f7f7&#8243; background_image_as_pattern=\u00bbwithout_pattern\u00bb css=\u00bb.vc_custom_1433744097155{padding-top: 70px !important;padding-bottom: 70px !important;background-color: #f4f4f4 !important;}\u00bb use_row_as_full_screen_section=\u00bbno\u00bb bg_type=\u00bbno_bg\u00bb bg_grad=\u00bbbackground: -webkit-gradient(linear, left top, left bottom, color-stop(0%, #E3E3E3));background: -moz-linear-gradient(top,#E3E3E3 0%);background: -webkit-linear-gradient(top,#E3E3E3 0%);background: -o-linear-gradient(top,#E3E3E3 0%);background: -ms-linear-gradient(top,#E3E3E3 0%);background: linear-gradient(top,#E3E3E3 0%);\u00bb parallax_style=\u00bbvcpb-default\u00bb bg_image_repeat=\u00bbrepeat\u00bb bg_image_size=\u00bbcover\u00bb bg_img_attach=\u00bbscroll\u00bb parallax_sense=\u00bb30&#8243; animation_direction=\u00bbleft-animation\u00bb animation_repeat=\u00bbrepeat\u00bb video_opts=\u00bb\u00bb viewport_vdo=\u00bboff\u00bb enable_controls=\u00bboff\u00bb bg_override=\u00bb0&#8243; disable_on_mobile_img_parallax=\u00bboff\u00bb parallax_content_sense=\u00bb30&#8243; fadeout_start_effect=\u00bb30&#8243; overlay_pattern_opacity=\u00bb80&#8243; overlay_pattern_attachment=\u00bbfixed\u00bb multi_color_overlay=\u00bb\u00bb multi_color_overlay_opacity=\u00bb60&#8243; seperator_type=\u00bbnone_seperator\u00bb seperator_position=\u00bbtop_seperator\u00bb seperator_shape_size=\u00bb40&#8243; seperator_svg_height=\u00bb60&#8243; seperator_shape_background=\u00bb#ffffff\u00bb seperator_shape_border=\u00bbnone\u00bb seperator_shape_border_width=\u00bb1&#8243; icon_type=\u00bbno_icon\u00bb icon_size=\u00bb32&#8243; icon_style=\u00bbnone\u00bb icon_color_border=\u00bb#333333&#8243; icon_border_size=\u00bb1&#8243; icon_border_radius=\u00bb500&#8243; icon_border_spacing=\u00bb50&#8243; img_width=\u00bb48&#8243; ult_hide_row_large_screen=\u00bboff\u00bb ult_hide_row_desktop=\u00bboff\u00bb ult_hide_row_tablet=\u00bboff\u00bb ult_hide_row_tablet_small=\u00bboff\u00bb ult_hide_row_mobile=\u00bboff\u00bb ult_hide_row_mobile_large=\u00bboff\u00bb][vc_column width=\u00bb1\/1&#8243;][vc_column_text]<\/p>\n<h3 style=\"text-align: center;\">Cabalgata a las Cataratas de Nauyaca<\/h3>\n<p>[\/vc_column_text][vc_separator type=\u00bbtransparent\u00bb position=\u00bbcenter\u00bb down=\u00bb25&#8243; up=\u00bb18&#8243;][vc_row_inner][vc_column_inner width=\u00bb2\/3&#8243;][vc_single_image image=\u00bb16665&#8243; alignment=\u00bbcenter\u00bb border_color=\u00bbgrey\u00bb img_link_large=\u00bb\u00bb img_link_target=\u00bb_self\u00bb qode_css_animation=\u00bbelement_from_left\u00bb img_size=\u00bbfull\u00bb][\/vc_column_inner][vc_column_inner width=\u00bb1\/3&#8243;][vc_column_text]El tour comienza a las 8am, y luego de aprox. 45 minutos de cabalgata se llega a la casa de Don Lulo, donde se degustar\u00e1 de un delicioso desayuno estilo tico casero. La familia posee un peque\u00f1o zool\u00f3gico por lo que podr\u00e1 dar de comer a Tito el tuc\u00e1n y disfrutar de las lapas. Luego de este descanso se contin\u00faa hacia las Cataratas Nauyaca, las segunda m\u00e1s grandes del \u00e1rea, donde podr\u00e1n nadar, relajarse, tomar fotos, y realizar actividades al aire libre. En el camino de regreso se realizar\u00e1 una parada nuevamente en la casa de Don Lulo para degustar un delicioso almuerzo casero para luego llegar a la entrada.[\/vc_column_text][\/vc_column_inner][\/vc_row_inner][vc_separator type=\u00bbtransparent\u00bb position=\u00bbcenter\u00bb down=\u00bb25&#8243; up=\u00bb18&#8243; width_in_percentages=\u00bb\u00bb][\/vc_column][\/vc_row][vc_row row_type=\u00bbrow\u00bb type=\u00bbgrid\u00bb text_align=\u00bbleft\u00bb padding_top=\u00bb100&#8243; padding_bottom=\u00bb30&#8243; anchor=\u00bbportfolio\u00bb content_menu_title=\u00bbPortfolio List\u00bb content_menu_icon=\u00bbfa-list\u00bb background_color=\u00bb#ffffff\u00bb background_image_as_pattern=\u00bbwithout_pattern\u00bb][vc_column width=\u00bb1\/1&#8243;][vc_row_inner][vc_column_inner width=\u00bb1\/2&#8243;][vc_single_image image=\u00bb16666&#8243; alignment=\u00bbcenter\u00bb border_color=\u00bbgrey\u00bb img_link_large=\u00bb\u00bb img_link_target=\u00bb_self\u00bb img_size=\u00bbfull\u00bb style=\u00bbvc_box_circle_2&#8243; qode_css_animation=\u00bbelement_from_fade\u00bb][vc_separator type=\u00bbtransparent\u00bb position=\u00bbcenter\u00bb up=\u00bb40&#8243; down=\u00bb0&#8243; width_in_percentages=\u00bb\u00bb][vc_column_text]<\/p>\n<h3 style=\"text-align: center;\">Rafting R\u00edo Savegre<\/h3>\n<p>[\/vc_column_text][vc_separator type=\u00bbtransparent\u00bb position=\u00bbcenter\u00bb up=\u00bb40&#8243; down=\u00bb0&#8243; width_in_percentages=\u00bb\u00bb][\/vc_column_inner][vc_column_inner width=\u00bb1\/2&#8243;][vc_single_image image=\u00bb16668&#8243; alignment=\u00bbcenter\u00bb border_color=\u00bbgrey\u00bb img_link_large=\u00bb\u00bb img_link_target=\u00bb_self\u00bb img_size=\u00bbfull\u00bb style=\u00bbvc_box_circle_2&#8243; qode_css_animation=\u00bbelement_from_fade\u00bb][vc_separator type=\u00bbtransparent\u00bb position=\u00bbcenter\u00bb up=\u00bb40&#8243; down=\u00bb0&#8243; width_in_percentages=\u00bb\u00bb][vc_column_text]<\/p>\n<h3 class=\"t-main\" style=\"text-align: center;\">Clases de Surf<\/h3>\n<p style=\"text-align: center;\">Enfrente el desafi\u00f3 de aprender el m\u00e1s excitante y extremo deporte de agua! Practique Surf en las Playas del Pacifico Sur con surfers locales que les dar\u00e1n los secretos para disfrutar de este deporte. Nosotros podemos coordinar las lecciones de surf en Playa Dominica y Playa Uvita por usted.<\/p>\n<p>[\/vc_column_text][vc_separator type=\u00bbtransparent\u00bb position=\u00bbcenter\u00bb up=\u00bb40&#8243; down=\u00bb0&#8243; width_in_percentages=\u00bb\u00bb][\/vc_column_inner][\/vc_row_inner][vc_row_inner][vc_column_inner width=\u00bb1\/2&#8243;][vc_single_image image=\u00bb17068&#8243; alignment=\u00bbcenter\u00bb border_color=\u00bbgrey\u00bb img_link_large=\u00bb\u00bb img_link_target=\u00bb_self\u00bb img_size=\u00bbmedium\u00bb style=\u00bbvc_box_circle_2&#8243; qode_css_animation=\u00bbelement_from_fade\u00bb][vc_separator type=\u00bbtransparent\u00bb position=\u00bbcenter\u00bb up=\u00bb40&#8243; down=\u00bb0&#8243; width_in_percentages=\u00bb\u00bb][vc_column_text]<\/p>\n<h3 class=\"t-main\" style=\"text-align: center;\">Observaci\u00f3n de Aves<\/h3>\n<p style=\"text-align: center;\">Disfrute la m\u00e1s emocionante experiencia observando aves en la ma\u00f1ana o en la tarde. El \u00e1rea ofrece dos lugares espectaculares para realizar este tour. Hacienda Bar\u00fa con 2 opciones de tour, y Oro Verde.<\/p>\n<p>[\/vc_column_text][vc_separator type=\u00bbtransparent\u00bb position=\u00bbcenter\u00bb up=\u00bb40&#8243; down=\u00bb0&#8243; width_in_percentages=\u00bb\u00bb][\/vc_column_inner][vc_column_inner width=\u00bb1\/2&#8243;][vc_single_image image=\u00bb17156&#8243; alignment=\u00bbcenter\u00bb border_color=\u00bbgrey\u00bb img_link_large=\u00bb\u00bb img_link_target=\u00bb_self\u00bb img_size=\u00bbmedium\u00bb style=\u00bbvc_box_circle_2&#8243; qode_css_animation=\u00bbelement_from_fade\u00bb][vc_separator type=\u00bbtransparent\u00bb position=\u00bbcenter\u00bb up=\u00bb40&#8243; down=\u00bb0&#8243; width_in_percentages=\u00bb\u00bb][vc_column_text]<\/p>\n<h3 class=\"t-main\" style=\"text-align: center;\">Hacienda Bar\u00fa- Refugio de Vida Silvestre<\/h3>\n<p style=\"text-align: center;\">Hacienda Baru ofrece 2 opciones de tours: Avistaje de Aves en Tierras Altas y Avistaje de Aves en las tierras bajas. Las dos opciones ofrecen gran variedad de especies dependiendo del h\u00e1bitat.<\/p>\n<p>[\/vc_column_text][vc_separator type=\u00bbtransparent\u00bb position=\u00bbcenter\u00bb up=\u00bb40&#8243; down=\u00bb0&#8243; width_in_percentages=\u00bb\u00bb][\/vc_column_inner][\/vc_row_inner][\/vc_column][\/vc_row]<\/p>\n","protected":false},"excerpt":{"rendered":"<p>[vc_row row_type=\u00bbrow\u00bb type=\u00bbgrid\u00bb text_align=\u00bbleft\u00bb padding_top=\u00bb100&#8243; padding_bottom=\u00bb30&#8243; anchor=\u00bbportfolio\u00bb content_menu_title=\u00bbPortfolio List\u00bb content_menu_icon=\u00bbfa-list\u00bb background_color=\u00bb#ffffff\u00bb background_image_as_pattern=\u00bbwithout_pattern\u00bb][vc_column width=\u00bb1\/1&#8243;][vc_row_inner][vc_column_inner width=\u00bb1\/1&#8243;][vc_column_text] San Buenas Golf Resort Para los amantes del golf, San Buenas es una gran opci\u00f3n a 40 minutos del Hotel Cuna del Angel. Este espectacular topograf\u00eda de un valle atravesado por&#8230;<\/p>\n","protected":false},"author":4,"featured_media":0,"parent":0,"menu_order":0,"comment_status":"open","ping_status":"open","template":"full_width.php","meta":{"_joinchat":[],"footnotes":""},"class_list":["post-17328","page","type-page","status-publish","hentry"],"_links":{"self":[{"href":"https:\/\/www.cunadelangel.com\/es\/wp-json\/wp\/v2\/pages\/17328","targetHints":{"allow":["GET"]}}],"collection":[{"href":"https:\/\/www.cunadelangel.com\/es\/wp-json\/wp\/v2\/pages"}],"about":[{"href":"https:\/\/www.cunadelangel.com\/es\/wp-json\/wp\/v2\/types\/page"}],"author":[{"embeddable":true,"href":"https:\/\/www.cunadelangel.com\/es\/wp-json\/wp\/v2\/users\/4"}],"replies":[{"embeddable":true,"href":"https:\/\/www.cunadelangel.com\/es\/wp-json\/wp\/v2\/comments?post=17328"}],"version-history":[{"count":4,"href":"https:\/\/www.cunadelangel.com\/es\/wp-json\/wp\/v2\/pages\/17328\/revisions"}],"predecessor-version":[{"id":17329,"href":"https:\/\/www.cunadelangel.com\/es\/wp-json\/wp\/v2\/pages\/17328\/revisions\/17329"}],"wp:attachment":[{"href":"https:\/\/www.cunadelangel.com\/es\/wp-json\/wp\/v2\/media?parent=17328"}],"curies":[{"name":"wp","href":"https:\/\/api.w.org\/{rel}","templated":true}]}}