{"id":17347,"date":"2015-06-06T05:33:26","date_gmt":"2015-06-06T05:33:26","guid":{"rendered":"https:\/\/www.cunadelangel.com\/sustainability-2\/"},"modified":"2023-02-27T22:33:08","modified_gmt":"2023-02-27T22:33:08","slug":"sostenibilidad","status":"publish","type":"page","link":"https:\/\/www.cunadelangel.com\/es\/sostenibilidad\/","title":{"rendered":"Sostenibilidad"},"content":{"rendered":"<p>[vc_row type=\u00bbgrid\u00bb anchor=\u00bbportfolio\u00bb background_color=\u00bb#ffffff\u00bb padding_top=\u00bb100&#8243; padding_bottom=\u00bb30&#8243;][vc_column][vc_row_inner disable_element=\u00bbyes\u00bb][vc_column_inner][vc_column_text]<\/p>\n<h4 class=\"site-text\"><img decoding=\"async\" class=\"alignright size-full wp-image-16498\" src=\"https:\/\/www.cunadelangel.com\/wp-content\/uploads\/2015\/06\/5leave.png\" alt=\"5leave\" width=\"244\" height=\"140\" \/><\/h4>\n<h4>Hotel Cuna del \u00c1ngel cuenta con 5 niveles otorgados en forma de reconocimiento por parte del Instituto Costarricense de Turismo a trav\u00e9s de su programa llamado CST (Certificado de Turismo Sostenible). Este programa garantiza buenas pr\u00e1cticas ambientales, sociales y econ\u00f3micas con los procedimientos implementados y operados diariamente por el personal del hotel. Adem\u00e1s Cuna del \u00c1ngel es operado por con una <strong>pol\u00edtica de Carbono Neutralidad<\/strong>. En Cuna del \u00c1ngel, nuestro Comit\u00e9 de Sostenibilidad trabaja duro desarrollar nuevos proyectos para mejorar la comunidad y las condiciones ambientales.<\/h4>\n<h4>Nuestro programa de sostenibilidad se llama <strong>\u00ab\u00c1ngeles Verdes\u00bb<\/strong> y nuestro lema es: <strong>\u00abayudar a salvar nuestro planeta\u00bb<\/strong>, en una clara alusi\u00f3n a nuestro compromiso de sostenibilidad para nuestra compa\u00f1\u00eda, nuestro pa\u00eds y de nuestro planeta.<\/h4>\n<p>[\/vc_column_text][vc_separator type=\u00bbtransparent\u00bb up=\u00bb21&#8243; down=\u00bb0&#8243;][\/vc_column_inner][\/vc_row_inner][vc_row_inner][vc_column_inner][vc_single_image image=\u00bb18213&#8243; img_size=\u00bbfull\u00bb alignment=\u00bbcenter\u00bb][vc_separator type=\u00bbtransparent\u00bb up=\u00bb21&#8243; down=\u00bb0&#8243;][\/vc_column_inner][\/vc_row_inner][\/vc_column][\/vc_row][vc_row type=\u00bbgrid\u00bb anchor=\u00bbportfolio\u00bb background_color=\u00bb#f7f7f7&#8243; padding_top=\u00bb94&#8243; padding_bottom=\u00bb40&#8243;][vc_column][vc_column_text]<\/p>\n<h3 style=\"text-align: left;\">ACCIONES DE LOS ANGELES VERDES:<\/h3>\n<p>[\/vc_column_text][vc_separator type=\u00bbtransparent\u00bb up=\u00bb18&#8243; down=\u00bb25&#8243;][vc_column_text el_class=\u00bbp-acciones\u00bb]<\/p>\n<ul>\n<li>Cuna del \u00c1ngel Hotel fue dise\u00f1ado y construido utilizando diversos criterios de dise\u00f1o ecol\u00f3gico, especialmente en las \u00e1reas de gesti\u00f3n y control clim\u00e1tico, la iluminaci\u00f3n, la escenograf\u00eda y el uso de la energ\u00eda.<\/li>\n<\/ul>\n<p>&nbsp;<\/p>\n<ul>\n<li>Cuna del \u00c1ngel Hotel se encuentra actualmente en un reequipamiento siguiendo tecnolog\u00edas de la innovaci\u00f3n y la integraci\u00f3n de la sostenibilidad, especialmente en lo que se refiere al consumo de energ\u00eda y recursos renovables.<\/li>\n<\/ul>\n<p>&nbsp;<\/p>\n<ul>\n<li>El dise\u00f1o del hotel se basa en su integraci\u00f3n armoniosa en su \u00e1rea natural, la integraci\u00f3n de los espacios abiertos, colores suaves, tonos claros y agradables, as\u00ed como los elementos visuales de car\u00e1cter natural. Sus l\u00edneas arquitect\u00f3nicas buscan un sentido de continuidad y el elemento de la selva es vital para nuestro contexto f\u00edsico. Nuestro restaurante La Palapa fue dise\u00f1ado en homenaje a nuestros antepasados locales. Su dise\u00f1o arquitect\u00f3nico se basa en las casas ceremoniales de los Borucas &#8211; una expresi\u00f3n simb\u00f3lica de la cultura ind\u00edgena de Costa Rica. La forma circular genera la idea de un centro que proyecta energ\u00eda hacia el cielo a trav\u00e9s de su techo c\u00f3nico. La zona central tiene mosaicos que representan los niveles c\u00f3smicos de nuestras culturas locales: Tierra, Cielo, Sol y la Luna. Todas ellas est\u00e1n situadas en torno a este espacio circular. Estos c\u00f3digos simb\u00f3licos son en su mayor\u00eda religiosos y sociales con elementos universales. Esto significa que los diversos grupos \u00e9tnicos de todo el mundo tienen conceptos similares. Las ocho columnas de la estructura se encuentran con este ritual original de los antepasados nativos en mente, ya que utilizan la salida y la puesta del sol como sus puntos de referencia.<\/li>\n<\/ul>\n<p>&nbsp;<\/p>\n<ul>\n<li>Por otro lado, el hotel implementa sistemas para controlar el consumo de energ\u00eda y agua, ya que sus aparatos de aire acondicionado que est\u00e1n equipadas con presenciaactuaciones sensores, su iluminaci\u00f3n en las zonas comunes, donde todas las bombillas son de bajo consumo y las horas de uso son controlados, y la iluminaci\u00f3n externa, que utiliza fotosensores.<\/li>\n<\/ul>\n<p>&nbsp;<\/p>\n<ul>\n<li>Tambi\u00e9n hemos desarrollado un proceso de implementaci\u00f3n de un amplio programa de gesti\u00f3n de residuos. El hotel intenta identificar al cliente con sus propias pol\u00edticas ambientales, principalmente a trav\u00e9s de sus pr\u00e1cticas de reducci\u00f3n y mitigaci\u00f3n de sus impactos.<\/li>\n<\/ul>\n<p>&nbsp;<\/p>\n<ul>\n<li>El hotel promueve la formaci\u00f3n y el crecimiento de su personal en la implementaci\u00f3n de buenas pr\u00e1cticas ambientales. Cuna del \u00c1ngel Hotel is the leader and promoter of the Hermosa Beach Blue Flag Ecological Program. This program is officially recognized by the Central Government and is declared as being of national interest. It proposes to be a response to the constant danger and contamination that exists on the coastal areas of the country \u2013 a situation which threatens public health and the tourist industry.<\/li>\n<\/ul>\n<p>&nbsp;<\/p>\n<ul>\n<li>Cuna del \u00c1ngel Hotel incentiva a sus invitados a participar en el Programa de PRO a trav\u00e9s de la colocaci\u00f3n de los sobres situados en las habitaciones que m\u00e1s tarde pueden ser depositados en una caja situada en la recepci\u00f3n del hotel.<\/li>\n<\/ul>\n<p>&nbsp;<\/p>\n<ul>\n<li>Cuna del \u00c1ngel Hotel ha colaborado con empresas como Rancho La Merced, con los que ha desarrollado campa\u00f1as para plantar \u00e1rboles. El hotel, como parte de esta iniciativa, compra \u00e1rboles para los ni\u00f1os de la Escuela Primaria de Puerto Nuevo para plantar por lo que los ni\u00f1os participan activamente en este proyecto de reforestaci\u00f3n.<\/li>\n<\/ul>\n<p>&nbsp;<\/p>\n<ul>\n<li>Todas las habitaciones son galer\u00edas de arte para pinturas muy bellas y coloridas hechas por un ind\u00edgena Boruca del Pac\u00edfico Sur de Costa Rica, una verdadera expresi\u00f3n de la cultura local.<\/li>\n<\/ul>\n<p>&nbsp;<\/p>\n<ul>\n<li>Nuestros hu\u00e9spedes son m\u00e1s que bienvenidos a participar y cooperar con diferentes proyectos sociales y ambientales que Cuna del Angel Soporta el fin de mejorar los ni\u00f1os de educaci\u00f3n, capacitaci\u00f3n para las peque\u00f1as empresas, clases de ingl\u00e9s, la plantaci\u00f3n de \u00e1rboles, limpieza de playas.<\/li>\n<\/ul>\n<p>&nbsp;<\/p>\n<p>Para ser una propiedad sostenible requiere un compromiso real y alimentar esta filosof\u00eda todos los d\u00edas, si usted est\u00e1 interesado en saber m\u00e1s acerca de todas nuestras acciones por favor, solicitar una visita sostenible durante su proceso de registro, ser\u00e1 un placer compartir un trabajo tan importante con usted.[\/vc_column_text][vc_separator type=\u00bbtransparent\u00bb up=\u00bb18&#8243; down=\u00bb25&#8243;][\/vc_column][\/vc_row][vc_row type=\u00bbgrid\u00bb anchor=\u00bbportfolio\u00bb background_color=\u00bb#ffffff\u00bb padding_top=\u00bb94&#8243; padding_bottom=\u00bb0&#8243; bg_type=\u00bbno_bg\u00bb bg_grad=\u00bbbackground: -webkit-gradient(linear, left top, left bottom, color-stop(0%, #E3E3E3));background: -moz-linear-gradient(top,#E3E3E3 0%);background: -webkit-linear-gradient(top,#E3E3E3 0%);background: -o-linear-gradient(top,#E3E3E3 0%);background: -ms-linear-gradient(top,#E3E3E3 0%);background: linear-gradient(top,#E3E3E3 0%);\u00bb parallax_style=\u00bbvcpb-default\u00bb bg_image_repeat=\u00bbno-repeat\u00bb bg_image_size=\u00bbcover\u00bb bg_img_attach=\u00bbfixed\u00bb parallax_sense=\u00bb30&#8243; animation_direction=\u00bbleft-animation\u00bb animation_repeat=\u00bbrepeat\u00bb video_opts=\u00bb\u00bb viewport_vdo=\u00bboff\u00bb enable_controls=\u00bboff\u00bb bg_override=\u00bbfull\u00bb disable_on_mobile_img_parallax=\u00bboff\u00bb parallax_content_sense=\u00bb30&#8243; fadeout_start_effect=\u00bb30&#8243; overlay_pattern_opacity=\u00bb80&#8243; overlay_pattern_attachment=\u00bbfixed\u00bb multi_color_overlay=\u00bb\u00bb multi_color_overlay_opacity=\u00bb60&#8243; seperator_type=\u00bbnone_seperator\u00bb seperator_position=\u00bbtop_seperator\u00bb seperator_shape_size=\u00bb40&#8243; seperator_svg_height=\u00bb60&#8243; seperator_shape_background=\u00bb#ffffff\u00bb seperator_shape_border=\u00bbnone\u00bb seperator_shape_border_width=\u00bb1&#8243; icon_type=\u00bbno_icon\u00bb icon_size=\u00bb32&#8243; icon_style=\u00bbnone\u00bb icon_color_border=\u00bb#333333&#8243; icon_border_size=\u00bb1&#8243; icon_border_radius=\u00bb500&#8243; icon_border_spacing=\u00bb50&#8243; img_width=\u00bb48&#8243; ult_hide_row_large_screen=\u00bboff\u00bb ult_hide_row_desktop=\u00bboff\u00bb ult_hide_row_tablet=\u00bboff\u00bb ult_hide_row_tablet_small=\u00bboff\u00bb ult_hide_row_mobile=\u00bboff\u00bb ult_hide_row_mobile_large=\u00bboff\u00bb css=\u00bb.vc_custom_1433569264639{background-color: #ffffff !important;}\u00bb][vc_column][vc_column_text]<\/p>\n<h3 style=\"text-align: left;\">POL\u00cdTICAS GENERALES:<\/h3>\n<p>[\/vc_column_text][vc_separator type=\u00bbtransparent\u00bb up=\u00bb34&#8243; down=\u00bb25&#8243;][vc_column_text]Para poner en pr\u00e1ctica la innovaci\u00f3n sostenible hotelera, al reducir nuestros impactos negativos, mientras se potencian nuestros impactos positivos, y al mismo tiempo mejorar las experiencias de nuestros clientes.<\/p>\n<p>Teniendo en cuenta que nuestro hotel est\u00e1 situado en la zona costera vulnerable, tanto desde el punto de vista ambiental y social, debemos ser proactivos e innovadores para hacer frente a los problemas ambientales y sociales que aparecen.<\/p>\n<p>Para hacer que todos nuestro recurso humano (desde el propietario para la Direcci\u00f3n y de los l\u00edderes de la zona al personal en general) consciente de su responsabilidad y al mismo tiempo de su oportunidad de hacer una diferencia positiva en el marco del concepto de que: \u00abUn peque\u00f1o cambio puede tener un gran impacto \u00ab.<\/p>\n<p>Con la aplicaci\u00f3n adecuada y la administraci\u00f3n de estas acciones operativas de la sostenibilidad, podemos reducir los costes operativos, adem\u00e1s, en el medio plazo.<\/p>\n<p>Adem\u00e1s sabes el perfil de nuestros clientes, y al ser ellos sostenibles se identifican con los valores ambientales y sociales que promueve nuestro hotel.<br \/>\n[\/vc_column_text][vc_separator type=\u00bbtransparent\u00bb up=\u00bb60&#8243; down=\u00bb60&#8243;][\/vc_column][\/vc_row]<\/p>\n","protected":false},"excerpt":{"rendered":"<p>[vc_row type=\u00bbgrid\u00bb anchor=\u00bbportfolio\u00bb background_color=\u00bb#ffffff\u00bb padding_top=\u00bb100&#8243; padding_bottom=\u00bb30&#8243;][vc_column][vc_row_inner disable_element=\u00bbyes\u00bb][vc_column_inner][vc_column_text] Hotel Cuna del \u00c1ngel cuenta con 5 niveles otorgados en forma de reconocimiento por parte del Instituto Costarricense de Turismo a trav\u00e9s de su programa llamado CST (Certificado de Turismo Sostenible). Este programa garantiza buenas pr\u00e1cticas ambientales, sociales&#8230;<\/p>\n","protected":false},"author":4,"featured_media":0,"parent":0,"menu_order":0,"comment_status":"open","ping_status":"open","template":"full_width.php","meta":{"_joinchat":[],"footnotes":""},"class_list":["post-17347","page","type-page","status-publish","hentry"],"_links":{"self":[{"href":"https:\/\/www.cunadelangel.com\/es\/wp-json\/wp\/v2\/pages\/17347","targetHints":{"allow":["GET"]}}],"collection":[{"href":"https:\/\/www.cunadelangel.com\/es\/wp-json\/wp\/v2\/pages"}],"about":[{"href":"https:\/\/www.cunadelangel.com\/es\/wp-json\/wp\/v2\/types\/page"}],"author":[{"embeddable":true,"href":"https:\/\/www.cunadelangel.com\/es\/wp-json\/wp\/v2\/users\/4"}],"replies":[{"embeddable":true,"href":"https:\/\/www.cunadelangel.com\/es\/wp-json\/wp\/v2\/comments?post=17347"}],"version-history":[{"count":8,"href":"https:\/\/www.cunadelangel.com\/es\/wp-json\/wp\/v2\/pages\/17347\/revisions"}],"predecessor-version":[{"id":18215,"href":"https:\/\/www.cunadelangel.com\/es\/wp-json\/wp\/v2\/pages\/17347\/revisions\/18215"}],"wp:attachment":[{"href":"https:\/\/www.cunadelangel.com\/es\/wp-json\/wp\/v2\/media?parent=17347"}],"curies":[{"name":"wp","href":"https:\/\/api.w.org\/{rel}","templated":true}]}}